{"id":13,"date":"2015-10-15T13:48:39","date_gmt":"2015-10-15T13:48:39","guid":{"rendered":"http:\/\/wpoffice\/construction\/?page_id=2"},"modified":"2016-04-22T14:02:27","modified_gmt":"2016-04-22T13:02:27","slug":"installations","status":"publish","type":"page","link":"https:\/\/gazflash.fr\/index.php\/installations\/","title":{"rendered":"Installations"},"content":{"rendered":"<div  id=\"av-sc-portfolio-1\"  class=\"av-portfolio-grid-sorting-container\"><div class='sort_width_container  av-sort-yes' data-portfolio-id='1' ><div id='js_sort_items' ><div class='sort_by_cat '><a href=\"#\" data-filter=\"all_sort\" class=\"all_sort_button active_sort\"><span class=\"inner_sort_button\"><span>All<\/span><small class=\"av-cat-count\"> 4 <\/small><\/span><\/a><span class=\"text-sep chauffage_sort_sep\">\/<\/span><a href=\"#\" data-filter=\"chauffage_sort\" class=\"chauffage_sort_button\" ><span class=\"inner_sort_button\"><span>Chauffage<\/span><small class=\"av-cat-count\"> 3 <\/small><\/span><\/a><span class=\"text-sep chauffe-eau_sort_sep\">\/<\/span><a href=\"#\" data-filter=\"chauffe-eau_sort\" class=\"chauffe-eau_sort_button\" ><span class=\"inner_sort_button\"><span>Chauffe-eau<\/span><small class=\"av-cat-count\"> 3 <\/small><\/span><\/a><span class=\"text-sep regulation_sort_sep\">\/<\/span><a href=\"#\" data-filter=\"regulation_sort\" class=\"regulation_sort_button\" ><span class=\"inner_sort_button\"><span>R\u00e9gulation<\/span><small class=\"av-cat-count\"> 3 <\/small><\/span><\/a><\/div><\/div><\/div><div  class=' grid-sort-container isotope   no_margin-container with-excerpt-container grid-total-even grid-col-1 grid-links-' data-portfolio-id='1'><div data-ajax-id='94' class='grid-entry flex_column isotope-item all_sort no_margin post-entry post-entry-94 grid-entry-overview grid-loop-1 grid-parity-odd  chauffage_sort chauffe-eau_sort regulation_sort  av_fullwidth first special_av_fullwidth '><article class='main_color inner-entry'  itemscope=\"itemscope\" itemtype=\"https:\/\/schema.org\/CreativeWork\" ><div class=\"av_table_col first portfolio-entry grid-content\"><header class=\"entry-content-header\" aria-label=\"Portfolio: D &#8211; Chaudi\u00e8re \u00e0 basse temp\u00e9rature\"><h2 class='portfolio-grid-title entry-title '  itemprop=\"headline\" ><a href='https:\/\/gazflash.fr\/index.php\/portfolio-item\/project-1-interior-design\/'>D &#8211; Chaudi\u00e8re \u00e0 basse temp\u00e9rature<\/a><\/h2><\/header><div class=\"entry-content-wrapper\"><div class='grid-entry-excerpt entry-content'  itemprop=\"text\" >Avec une chaudi\u00e8re gaz conventionnelle, la sensation de confort est optimale et les rendements \u00e9lev\u00e9s, gage d\u2019\u00e9conomies significatives. Par rapport \u00e0 une chaudi\u00e8re d\u2019ancienne g\u00e9n\u00e9ration,\r\nla consommation est r\u00e9duite ! GAZFLASH s\u2019ajuste \u00e0 tous les besoins de chauffage et de production d\u2019eau chaude sanitaire avec intelligence.<\/div><\/div><div class=\"avia-arrow\"><\/div><\/div><div class=\"av_table_col portfolio-grid-image\"><a href=\"https:\/\/gazflash.fr\/index.php\/portfolio-item\/project-1-interior-design\/\" title='D &#8211; Chaudi\u00e8re \u00e0 basse temp\u00e9rature'  data-rel='grid-1' class='grid-image avia-hover-fx'> <img decoding=\"async\" fetchpriority=\"high\" width=\"1500\" height=\"630\" src=\"https:\/\/gazflash.fr\/wp-content\/uploads\/2015\/10\/Fotolia_107753993_L_une-1500x630.jpg\" class=\"wp-image-495 avia-img-lazy-loading-not-495 attachment-featured_large size-featured_large wp-post-image\" alt=\"\" \/><\/a><\/div><footer class=\"entry-footer\"><\/footer><\/article><\/div><div data-ajax-id='236' class='grid-entry flex_column isotope-item all_sort no_margin post-entry post-entry-236 grid-entry-overview grid-loop-2 grid-parity-even  chauffage_sort chauffe-eau_sort regulation_sort  av_fullwidth first special_av_fullwidth '><article class='main_color inner-entry'  itemscope=\"itemscope\" itemtype=\"https:\/\/schema.org\/CreativeWork\" ><div class=\"av_table_col first portfolio-entry grid-content\"><header class=\"entry-content-header\" aria-label=\"Portfolio: C &#8211; Chaudi\u00e8re \u00e0 condensation\"><h2 class='portfolio-grid-title entry-title '  itemprop=\"headline\" ><a href='https:\/\/gazflash.fr\/index.php\/portfolio-item\/project-6-living-room-design\/'>C &#8211; Chaudi\u00e8re \u00e0 condensation<\/a><\/h2><\/header><div class=\"entry-content-wrapper\"><div class='grid-entry-excerpt entry-content'  itemprop=\"text\" >Parfaitement ma\u00eetris\u00e9e par GAZFLASH, la technologie de la condensation permet d\u2019atteindre des rendements \u00e9nerg\u00e9tiques exceptionnels. Une \u00e9quation gagnante et valorisante pour l\u2019habitat, qui fait des chaudi\u00e8res gaz \u00e0 condensation des solutions de confort incontournables, quel que soit le type d\u2019installation (chemin\u00e9e ou ventouse)<\/div><\/div><div class=\"avia-arrow\"><\/div><\/div><div class=\"av_table_col portfolio-grid-image\"><a href=\"https:\/\/gazflash.fr\/index.php\/portfolio-item\/project-6-living-room-design\/\" title='C &#8211; Chaudi\u00e8re \u00e0 condensation'  data-rel='grid-1' class='grid-image avia-hover-fx'> <img decoding=\"async\" fetchpriority=\"high\" width=\"1500\" height=\"630\" src=\"https:\/\/gazflash.fr\/wp-content\/uploads\/2015\/10\/house-interior-1500x630.jpg\" class=\"wp-image-100 avia-img-lazy-loading-not-100 attachment-featured_large size-featured_large wp-post-image\" alt=\"\" \/><\/a><\/div><footer class=\"entry-footer\"><\/footer><\/article><\/div><div data-ajax-id='103' class='grid-entry flex_column isotope-item all_sort no_margin post-entry post-entry-103 grid-entry-overview grid-loop-3 grid-parity-odd  chauffe-eau_sort  av_fullwidth first special_av_fullwidth '><article class='main_color inner-entry'  itemscope=\"itemscope\" itemtype=\"https:\/\/schema.org\/CreativeWork\" ><div class=\"av_table_col first portfolio-entry grid-content\"><header class=\"entry-content-header\" aria-label=\"Portfolio: B &#8211; Chauffe-eau Gaz\"><h2 class='portfolio-grid-title entry-title '  itemprop=\"headline\" ><a href='https:\/\/gazflash.fr\/index.php\/portfolio-item\/project-2-modern-house\/'>B &#8211; Chauffe-eau Gaz<\/a><\/h2><\/header><div class=\"entry-content-wrapper\"><div class='grid-entry-excerpt entry-content'  itemprop=\"text\" >Chauffe-eau, chauffe-bains \u00e0 gaz, accumulateurs d\u2019eau chaude \u00e0 gaz<\/div><\/div><div class=\"avia-arrow\"><\/div><\/div><div class=\"av_table_col portfolio-grid-image\"><a href=\"https:\/\/gazflash.fr\/index.php\/portfolio-item\/project-2-modern-house\/\" title='B &#8211; Chauffe-eau Gaz'  data-rel='grid-1' class='grid-image avia-hover-fx'> <img decoding=\"async\" fetchpriority=\"high\" width=\"1500\" height=\"630\" src=\"https:\/\/gazflash.fr\/wp-content\/uploads\/2015\/10\/Fotolia_88069930_L_une-1500x630.jpg\" class=\"wp-image-497 avia-img-lazy-loading-not-497 attachment-featured_large size-featured_large wp-post-image\" alt=\"\" \/><\/a><\/div><footer class=\"entry-footer\"><\/footer><\/article><\/div><div data-ajax-id='105' class='grid-entry flex_column isotope-item all_sort no_margin post-entry post-entry-105 grid-entry-overview grid-loop-4 grid-parity-even  post-entry-last  chauffage_sort regulation_sort  av_fullwidth first special_av_fullwidth '><article class='main_color inner-entry'  itemscope=\"itemscope\" itemtype=\"https:\/\/schema.org\/CreativeWork\" ><div class=\"av_table_col first portfolio-entry grid-content\"><header class=\"entry-content-header\" aria-label=\"Portfolio: A &#8211; R\u00e9gulation \/ Thermostat d&#8217;ambiance\"><h2 class='portfolio-grid-title entry-title '  itemprop=\"headline\" ><a href='https:\/\/gazflash.fr\/index.php\/portfolio-item\/regulation\/'>A &#8211; R\u00e9gulation \/ Thermostat d&#8217;ambiance<\/a><\/h2><\/header><div class=\"entry-content-wrapper\"><div class='grid-entry-excerpt entry-content'  itemprop=\"text\" >Optimiser le confort et bien g\u00e9rer l'\u00e9nergie<\/div><\/div><div class=\"avia-arrow\"><\/div><\/div><div class=\"av_table_col portfolio-grid-image\"><a href=\"https:\/\/gazflash.fr\/index.php\/portfolio-item\/regulation\/\" title='A &#8211; R\u00e9gulation \/ Thermostat d&#8217;ambiance'  data-rel='grid-1' class='grid-image avia-hover-fx'> <img decoding=\"async\" fetchpriority=\"high\" width=\"1500\" height=\"630\" src=\"https:\/\/gazflash.fr\/wp-content\/uploads\/2015\/10\/Fotolia_81333374_L_une-1500x630.jpg\" class=\"wp-image-498 avia-img-lazy-loading-not-498 attachment-featured_large size-featured_large wp-post-image\" alt=\"\" \/><\/a><\/div><footer class=\"entry-footer\"><\/footer><\/article><\/div><\/div><\/div>   <!--   class=\"av-portfolio-grid-sorting-container\"  -->\n","protected":false},"excerpt":{"rendered":"","protected":false},"author":1,"featured_media":0,"parent":0,"menu_order":0,"comment_status":"closed","ping_status":"closed","template":"","meta":{"footnotes":""},"class_list":["post-13","page","type-page","status-publish","hentry"],"_links":{"self":[{"href":"https:\/\/gazflash.fr\/index.php\/wp-json\/wp\/v2\/pages\/13","targetHints":{"allow":["GET"]}}],"collection":[{"href":"https:\/\/gazflash.fr\/index.php\/wp-json\/wp\/v2\/pages"}],"about":[{"href":"https:\/\/gazflash.fr\/index.php\/wp-json\/wp\/v2\/types\/page"}],"author":[{"embeddable":true,"href":"https:\/\/gazflash.fr\/index.php\/wp-json\/wp\/v2\/users\/1"}],"replies":[{"embeddable":true,"href":"https:\/\/gazflash.fr\/index.php\/wp-json\/wp\/v2\/comments?post=13"}],"version-history":[{"count":9,"href":"https:\/\/gazflash.fr\/index.php\/wp-json\/wp\/v2\/pages\/13\/revisions"}],"predecessor-version":[{"id":420,"href":"https:\/\/gazflash.fr\/index.php\/wp-json\/wp\/v2\/pages\/13\/revisions\/420"}],"wp:attachment":[{"href":"https:\/\/gazflash.fr\/index.php\/wp-json\/wp\/v2\/media?parent=13"}],"curies":[{"name":"wp","href":"https:\/\/api.w.org\/{rel}","templated":true}]}}