{"id":25,"date":"2015-10-15T15:32:49","date_gmt":"2015-10-15T15:32:49","guid":{"rendered":"http:\/\/wpoffice\/construction\/?page_id=25"},"modified":"2016-05-24T12:01:06","modified_gmt":"2016-05-24T11:01:06","slug":"service","status":"publish","type":"page","link":"https:\/\/gazflash.fr\/index.php\/service\/","title":{"rendered":"Service"},"content":{"rendered":"\n<style type=\"text\/css\" data-created_by=\"avia_inline_auto\" id=\"style-css-av-av_heading-5e09f705de309e65fa7068b0856ee887\">\n#top .av-special-heading.av-av_heading-5e09f705de309e65fa7068b0856ee887{\npadding-bottom:0;\n}\nbody .av-special-heading.av-av_heading-5e09f705de309e65fa7068b0856ee887 .av-special-heading-tag .heading-char{\nfont-size:25px;\n}\n.av-special-heading.av-av_heading-5e09f705de309e65fa7068b0856ee887 .av-subheading{\nfont-size:15px;\n}\n<\/style>\n<div  class='av-special-heading av-av_heading-5e09f705de309e65fa7068b0856ee887 av-special-heading-h2 blockquote modern-quote modern-centered  avia-builder-el-0  el_before_av_hr  avia-builder-el-first '><h2 class='av-special-heading-tag '  itemprop=\"headline\"  >Nos services<\/h2><div class=\"special-heading-border\"><div class=\"special-heading-inner-border\"><\/div><\/div><\/div>\n\n<style type=\"text\/css\" data-created_by=\"avia_inline_auto\" id=\"style-css-av-av_hr-c282f4cd9bd3f3c176a54b23e2e441a5\">\n#top .hr.av-av_hr-c282f4cd9bd3f3c176a54b23e2e441a5{\nmargin-top:5px;\nmargin-bottom:35px;\n}\n.hr.av-av_hr-c282f4cd9bd3f3c176a54b23e2e441a5 .hr-inner{\nwidth:50px;\nborder-color:#efbb20;\n}\n<\/style>\n<div  class='hr av-av_hr-c282f4cd9bd3f3c176a54b23e2e441a5 hr-custom  avia-builder-el-1  el_after_av_heading  el_before_av_one_half  hr-center hr-icon-no'><span class='hr-inner inner-border-av-border-fat'><span class=\"hr-inner-style\"><\/span><\/span><\/div>\n\n<style type=\"text\/css\" data-created_by=\"avia_inline_auto\" id=\"style-css-av-av_one_half-d71a51a707c4656b37c9afbbd6138215\">\n.flex_column.av-av_one_half-d71a51a707c4656b37c9afbbd6138215{\nborder-radius:0px 0px 0px 0px;\npadding:0px 0px 0px 0px;\n}\n<\/style>\n<div  class='flex_column av-av_one_half-d71a51a707c4656b37c9afbbd6138215 av_one_half  avia-builder-el-2  el_after_av_hr  el_before_av_one_half  first flex_column_div av-animated-generic bottom-to-top av-zero-column-padding  '     ><p>\n<style type=\"text\/css\" data-created_by=\"avia_inline_auto\" id=\"style-css-av-av_image-c625ba9adfcf53823d1d65e61913f807\">\n.avia-image-container.av-av_image-c625ba9adfcf53823d1d65e61913f807 img.avia_image{\nbox-shadow:none;\n}\n.avia-image-container.av-av_image-c625ba9adfcf53823d1d65e61913f807 .av-image-caption-overlay-center{\ncolor:#ffffff;\n}\n<\/style>\n<div  class='avia-image-container av-av_image-c625ba9adfcf53823d1d65e61913f807 av-styling-no-styling av-img-linked avia-align-center  avia-builder-el-3  el_before_av_heading  avia-builder-el-first '   itemprop=\"image\" itemscope=\"itemscope\" itemtype=\"https:\/\/schema.org\/ImageObject\" ><div class=\"avia-image-container-inner\"><div class=\"avia-image-overlay-wrap\"><a href=\"https:\/\/gazflash.fr\/index.php\/service\/entretien\/\" class='avia_image '  aria-label='Fotolia_62687917_S_une'><img decoding=\"async\" fetchpriority=\"high\" class='wp-image-465 avia-img-lazy-loading-not-465 avia_image ' src=\"https:\/\/gazflash.fr\/wp-content\/uploads\/2015\/10\/Fotolia_62687917_S_une.jpg\" alt='' title='Fotolia_62687917_S_une'  height=\"630\" width=\"1500\"  itemprop=\"thumbnailUrl\" srcset=\"https:\/\/gazflash.fr\/wp-content\/uploads\/2015\/10\/Fotolia_62687917_S_une.jpg 1500w, https:\/\/gazflash.fr\/wp-content\/uploads\/2015\/10\/Fotolia_62687917_S_une-300x126.jpg 300w, https:\/\/gazflash.fr\/wp-content\/uploads\/2015\/10\/Fotolia_62687917_S_une-768x323.jpg 768w, https:\/\/gazflash.fr\/wp-content\/uploads\/2015\/10\/Fotolia_62687917_S_une-1030x433.jpg 1030w, https:\/\/gazflash.fr\/wp-content\/uploads\/2015\/10\/Fotolia_62687917_S_une-705x296.jpg 705w, https:\/\/gazflash.fr\/wp-content\/uploads\/2015\/10\/Fotolia_62687917_S_une-450x189.jpg 450w\" sizes=\"(max-width: 1500px) 100vw, 1500px\" \/><\/a><\/div><\/div><\/div><br \/>\n\n<style type=\"text\/css\" data-created_by=\"avia_inline_auto\" id=\"style-css-av-av_heading-1a270ee6f6ac94f4b3306c7f313ba8fc\">\n#top .av-special-heading.av-av_heading-1a270ee6f6ac94f4b3306c7f313ba8fc{\npadding-bottom:0;\n}\nbody .av-special-heading.av-av_heading-1a270ee6f6ac94f4b3306c7f313ba8fc .av-special-heading-tag .heading-char{\nfont-size:25px;\n}\n.av-special-heading.av-av_heading-1a270ee6f6ac94f4b3306c7f313ba8fc .av-subheading{\nfont-size:15px;\n}\n<\/style>\n<div  class='av-special-heading av-av_heading-1a270ee6f6ac94f4b3306c7f313ba8fc av-special-heading-h3 blockquote modern-quote  avia-builder-el-4  el_after_av_image  el_before_av_hr '><h3 class='av-special-heading-tag '  itemprop=\"headline\"  >Entretien<\/h3><div class=\"special-heading-border\"><div class=\"special-heading-inner-border\"><\/div><\/div><\/div><br \/>\n\n<style type=\"text\/css\" data-created_by=\"avia_inline_auto\" id=\"style-css-av-av_hr-3e128d09911abf776949821b39a02bfe\">\n#top .hr.av-av_hr-3e128d09911abf776949821b39a02bfe{\nmargin-top:10px;\nmargin-bottom:10px;\n}\n.hr.av-av_hr-3e128d09911abf776949821b39a02bfe .hr-inner{\nwidth:50px;\nborder-color:#efbb20;\n}\n<\/style>\n<div  class='hr av-av_hr-3e128d09911abf776949821b39a02bfe hr-custom  avia-builder-el-5  el_after_av_heading  el_before_av_textblock  hr-left hr-icon-no'><span class='hr-inner inner-border-av-border-fat'><span class=\"hr-inner-style\"><\/span><\/span><\/div><br \/>\n<section  class='av_textblock_section av-av_textblock-0366cc7376be6c9e82a3e9cc8987b64f '   itemscope=\"itemscope\" itemtype=\"https:\/\/schema.org\/CreativeWork\" ><div class='avia_textblock'  itemprop=\"text\" ><p><b>GAZFLASH<\/b>\u00a0intervient pour l&#8217;entretien de votre chaudi\u00e8re sur Paris, mais aussi dans les d\u00e9partements de la Seine-Saint-Denis, des Hauts-de-Seine et du Val-de-Marne.<\/p>\n<\/div><\/section><\/p><\/div>\n\n<style type=\"text\/css\" data-created_by=\"avia_inline_auto\" id=\"style-css-av-av_one_half-93bea18e2ccb60552a17080633244dec\">\n.flex_column.av-av_one_half-93bea18e2ccb60552a17080633244dec{\nborder-radius:0px 0px 0px 0px;\npadding:0px 0px 0px 0px;\n}\n<\/style>\n<div  class='flex_column av-av_one_half-93bea18e2ccb60552a17080633244dec av_one_half  avia-builder-el-7  el_after_av_one_half  el_before_av_one_half  flex_column_div av-animated-generic bottom-to-top av-zero-column-padding  '     ><p>\n<style type=\"text\/css\" data-created_by=\"avia_inline_auto\" id=\"style-css-av-av_image-f487499ef109261ee0f7a143620178ab\">\n.avia-image-container.av-av_image-f487499ef109261ee0f7a143620178ab img.avia_image{\nbox-shadow:none;\n}\n.avia-image-container.av-av_image-f487499ef109261ee0f7a143620178ab .av-image-caption-overlay-center{\ncolor:#ffffff;\n}\n<\/style>\n<div  class='avia-image-container av-av_image-f487499ef109261ee0f7a143620178ab av-styling-no-styling av-img-linked avia-align-center  avia-builder-el-8  el_before_av_heading  avia-builder-el-first '   itemprop=\"image\" itemscope=\"itemscope\" itemtype=\"https:\/\/schema.org\/ImageObject\" ><div class=\"avia-image-container-inner\"><div class=\"avia-image-overlay-wrap\"><a href=\"https:\/\/gazflash.fr\/index.php\/service\/depannage\/\" class='avia_image '  aria-label='Fotolia_51440838_M_une'><img decoding=\"async\" fetchpriority=\"high\" class='wp-image-467 avia-img-lazy-loading-not-467 avia_image ' src=\"https:\/\/gazflash.fr\/wp-content\/uploads\/2015\/10\/Fotolia_51440838_M_une.jpg\" alt='' title='Fotolia_51440838_M_une'  height=\"630\" width=\"1500\"  itemprop=\"thumbnailUrl\" srcset=\"https:\/\/gazflash.fr\/wp-content\/uploads\/2015\/10\/Fotolia_51440838_M_une.jpg 1500w, https:\/\/gazflash.fr\/wp-content\/uploads\/2015\/10\/Fotolia_51440838_M_une-300x126.jpg 300w, https:\/\/gazflash.fr\/wp-content\/uploads\/2015\/10\/Fotolia_51440838_M_une-768x323.jpg 768w, https:\/\/gazflash.fr\/wp-content\/uploads\/2015\/10\/Fotolia_51440838_M_une-1030x433.jpg 1030w, https:\/\/gazflash.fr\/wp-content\/uploads\/2015\/10\/Fotolia_51440838_M_une-705x296.jpg 705w, https:\/\/gazflash.fr\/wp-content\/uploads\/2015\/10\/Fotolia_51440838_M_une-450x189.jpg 450w\" sizes=\"(max-width: 1500px) 100vw, 1500px\" \/><\/a><\/div><\/div><\/div><br \/>\n\n<style type=\"text\/css\" data-created_by=\"avia_inline_auto\" id=\"style-css-av-av_heading-13ee45d1193311f88e7ef68a6a8d5825\">\n#top .av-special-heading.av-av_heading-13ee45d1193311f88e7ef68a6a8d5825{\npadding-bottom:0;\n}\nbody .av-special-heading.av-av_heading-13ee45d1193311f88e7ef68a6a8d5825 .av-special-heading-tag .heading-char{\nfont-size:25px;\n}\n.av-special-heading.av-av_heading-13ee45d1193311f88e7ef68a6a8d5825 .av-subheading{\nfont-size:15px;\n}\n<\/style>\n<div  class='av-special-heading av-av_heading-13ee45d1193311f88e7ef68a6a8d5825 av-special-heading-h3 blockquote modern-quote  avia-builder-el-9  el_after_av_image  el_before_av_hr '><h3 class='av-special-heading-tag '  itemprop=\"headline\"  >D\u00e9pannage<\/h3><div class=\"special-heading-border\"><div class=\"special-heading-inner-border\"><\/div><\/div><\/div><br \/>\n\n<style type=\"text\/css\" data-created_by=\"avia_inline_auto\" id=\"style-css-av-av_hr-3e128d09911abf776949821b39a02bfe\">\n#top .hr.av-av_hr-3e128d09911abf776949821b39a02bfe{\nmargin-top:10px;\nmargin-bottom:10px;\n}\n.hr.av-av_hr-3e128d09911abf776949821b39a02bfe .hr-inner{\nwidth:50px;\nborder-color:#efbb20;\n}\n<\/style>\n<div  class='hr av-av_hr-3e128d09911abf776949821b39a02bfe hr-custom  avia-builder-el-10  el_after_av_heading  el_before_av_textblock  hr-left hr-icon-no'><span class='hr-inner inner-border-av-border-fat'><span class=\"hr-inner-style\"><\/span><\/span><\/div><br \/>\n<section  class='av_textblock_section av-av_textblock-0366cc7376be6c9e82a3e9cc8987b64f '   itemscope=\"itemscope\" itemtype=\"https:\/\/schema.org\/CreativeWork\" ><div class='avia_textblock'  itemprop=\"text\" ><p><strong>GAZFLASH<\/strong>\u00a0vous garantit une intervention rapide, effectu\u00e9e par des techniciens sp\u00e9cialis\u00e9s.<\/p>\n<\/div><\/section><\/p><\/div>\n\n<style type=\"text\/css\" data-created_by=\"avia_inline_auto\" id=\"style-css-av-av_one_half-d71a51a707c4656b37c9afbbd6138215\">\n.flex_column.av-av_one_half-d71a51a707c4656b37c9afbbd6138215{\nborder-radius:0px 0px 0px 0px;\npadding:0px 0px 0px 0px;\n}\n<\/style>\n<div  class='flex_column av-av_one_half-d71a51a707c4656b37c9afbbd6138215 av_one_half  avia-builder-el-12  el_after_av_one_half  el_before_av_one_half  first flex_column_div av-animated-generic bottom-to-top av-zero-column-padding  column-top-margin'     ><p>\n<style type=\"text\/css\" data-created_by=\"avia_inline_auto\" id=\"style-css-av-av_image-942606ae2baac7231c5cc34fe1d2caa0\">\n.avia-image-container.av-av_image-942606ae2baac7231c5cc34fe1d2caa0 img.avia_image{\nbox-shadow:none;\n}\n.avia-image-container.av-av_image-942606ae2baac7231c5cc34fe1d2caa0 .av-image-caption-overlay-center{\ncolor:#ffffff;\n}\n<\/style>\n<div  class='avia-image-container av-av_image-942606ae2baac7231c5cc34fe1d2caa0 av-styling-no-styling av-img-linked avia-align-center  avia-builder-el-13  el_before_av_heading  avia-builder-el-first '   itemprop=\"image\" itemscope=\"itemscope\" itemtype=\"https:\/\/schema.org\/ImageObject\" ><div class=\"avia-image-container-inner\"><div class=\"avia-image-overlay-wrap\"><a href=\"https:\/\/gazflash.fr\/index.php\/service\/installation\/\" class='avia_image '  aria-label='Fotolia_56387826_M_une'><img decoding=\"async\" fetchpriority=\"high\" class='wp-image-468 avia-img-lazy-loading-not-468 avia_image ' src=\"https:\/\/gazflash.fr\/wp-content\/uploads\/2015\/10\/Fotolia_56387826_M_une.jpg\" alt='' title='Fotolia_56387826_M_une'  height=\"630\" width=\"1500\"  itemprop=\"thumbnailUrl\" srcset=\"https:\/\/gazflash.fr\/wp-content\/uploads\/2015\/10\/Fotolia_56387826_M_une.jpg 1500w, https:\/\/gazflash.fr\/wp-content\/uploads\/2015\/10\/Fotolia_56387826_M_une-300x126.jpg 300w, https:\/\/gazflash.fr\/wp-content\/uploads\/2015\/10\/Fotolia_56387826_M_une-768x323.jpg 768w, https:\/\/gazflash.fr\/wp-content\/uploads\/2015\/10\/Fotolia_56387826_M_une-1030x433.jpg 1030w, https:\/\/gazflash.fr\/wp-content\/uploads\/2015\/10\/Fotolia_56387826_M_une-705x296.jpg 705w, https:\/\/gazflash.fr\/wp-content\/uploads\/2015\/10\/Fotolia_56387826_M_une-450x189.jpg 450w\" sizes=\"(max-width: 1500px) 100vw, 1500px\" \/><\/a><\/div><\/div><\/div><br \/>\n\n<style type=\"text\/css\" data-created_by=\"avia_inline_auto\" id=\"style-css-av-av_heading-c52e2c1a3d0d7500a2af34364d3db390\">\n#top .av-special-heading.av-av_heading-c52e2c1a3d0d7500a2af34364d3db390{\npadding-bottom:0;\n}\nbody .av-special-heading.av-av_heading-c52e2c1a3d0d7500a2af34364d3db390 .av-special-heading-tag .heading-char{\nfont-size:25px;\n}\n.av-special-heading.av-av_heading-c52e2c1a3d0d7500a2af34364d3db390 .av-subheading{\nfont-size:15px;\n}\n<\/style>\n<div  class='av-special-heading av-av_heading-c52e2c1a3d0d7500a2af34364d3db390 av-special-heading-h3 blockquote modern-quote  avia-builder-el-14  el_after_av_image  el_before_av_hr '><h3 class='av-special-heading-tag '  itemprop=\"headline\"  >Installation<\/h3><div class=\"special-heading-border\"><div class=\"special-heading-inner-border\"><\/div><\/div><\/div><br \/>\n\n<style type=\"text\/css\" data-created_by=\"avia_inline_auto\" id=\"style-css-av-av_hr-3e128d09911abf776949821b39a02bfe\">\n#top .hr.av-av_hr-3e128d09911abf776949821b39a02bfe{\nmargin-top:10px;\nmargin-bottom:10px;\n}\n.hr.av-av_hr-3e128d09911abf776949821b39a02bfe .hr-inner{\nwidth:50px;\nborder-color:#efbb20;\n}\n<\/style>\n<div  class='hr av-av_hr-3e128d09911abf776949821b39a02bfe hr-custom  avia-builder-el-15  el_after_av_heading  el_before_av_textblock  hr-left hr-icon-no'><span class='hr-inner inner-border-av-border-fat'><span class=\"hr-inner-style\"><\/span><\/span><\/div><br \/>\n<section  class='av_textblock_section av-av_textblock-0366cc7376be6c9e82a3e9cc8987b64f '   itemscope=\"itemscope\" itemtype=\"https:\/\/schema.org\/CreativeWork\" ><div class='avia_textblock'  itemprop=\"text\" ><p><b>GAZFLASH<\/b>\u00a0vous aide \u00e0 faire le bon choix, \u00e9conome en \u00e9nergie et compatible avec votre budget.<\/p>\n<\/div><\/section><\/p><\/div>\n<style type=\"text\/css\" data-created_by=\"avia_inline_auto\" id=\"style-css-av-av_one_half-93bea18e2ccb60552a17080633244dec\">\n.flex_column.av-av_one_half-93bea18e2ccb60552a17080633244dec{\nborder-radius:0px 0px 0px 0px;\npadding:0px 0px 0px 0px;\n}\n<\/style>\n<div  class='flex_column av-av_one_half-93bea18e2ccb60552a17080633244dec av_one_half  avia-builder-el-17  el_after_av_one_half  avia-builder-el-last  flex_column_div av-animated-generic bottom-to-top av-zero-column-padding  column-top-margin'     ><p>\n<style type=\"text\/css\" data-created_by=\"avia_inline_auto\" id=\"style-css-av-av_image-4313ec31e850e4188e3ec226c93c3fd3\">\n.avia-image-container.av-av_image-4313ec31e850e4188e3ec226c93c3fd3 img.avia_image{\nbox-shadow:none;\n}\n.avia-image-container.av-av_image-4313ec31e850e4188e3ec226c93c3fd3 .av-image-caption-overlay-center{\ncolor:#ffffff;\n}\n<\/style>\n<div  class='avia-image-container av-av_image-4313ec31e850e4188e3ec226c93c3fd3 av-styling-no-styling av-img-linked avia-align-center  avia-builder-el-18  el_before_av_heading  avia-builder-el-first '   itemprop=\"image\" itemscope=\"itemscope\" itemtype=\"https:\/\/schema.org\/ImageObject\" ><div class=\"avia-image-container-inner\"><div class=\"avia-image-overlay-wrap\"><a href=\"https:\/\/gazflash.fr\/index.php\/service\/ramonage\/\" class='avia_image '  aria-label='Fotolia_81678444_M_une'><img decoding=\"async\" fetchpriority=\"high\" class='wp-image-469 avia-img-lazy-loading-not-469 avia_image ' src=\"https:\/\/gazflash.fr\/wp-content\/uploads\/2015\/10\/Fotolia_81678444_M_une.jpg\" alt='' title='Fotolia_81678444_M_une'  height=\"630\" width=\"1500\"  itemprop=\"thumbnailUrl\" srcset=\"https:\/\/gazflash.fr\/wp-content\/uploads\/2015\/10\/Fotolia_81678444_M_une.jpg 1500w, https:\/\/gazflash.fr\/wp-content\/uploads\/2015\/10\/Fotolia_81678444_M_une-300x126.jpg 300w, https:\/\/gazflash.fr\/wp-content\/uploads\/2015\/10\/Fotolia_81678444_M_une-768x323.jpg 768w, https:\/\/gazflash.fr\/wp-content\/uploads\/2015\/10\/Fotolia_81678444_M_une-1030x433.jpg 1030w, https:\/\/gazflash.fr\/wp-content\/uploads\/2015\/10\/Fotolia_81678444_M_une-705x296.jpg 705w, https:\/\/gazflash.fr\/wp-content\/uploads\/2015\/10\/Fotolia_81678444_M_une-450x189.jpg 450w\" sizes=\"(max-width: 1500px) 100vw, 1500px\" \/><\/a><\/div><\/div><\/div><br \/>\n\n<style type=\"text\/css\" data-created_by=\"avia_inline_auto\" id=\"style-css-av-av_heading-e423ada88a43d6162d0ef612a5f2411f\">\n#top .av-special-heading.av-av_heading-e423ada88a43d6162d0ef612a5f2411f{\npadding-bottom:0;\n}\nbody .av-special-heading.av-av_heading-e423ada88a43d6162d0ef612a5f2411f .av-special-heading-tag .heading-char{\nfont-size:25px;\n}\n.av-special-heading.av-av_heading-e423ada88a43d6162d0ef612a5f2411f .av-subheading{\nfont-size:15px;\n}\n<\/style>\n<div  class='av-special-heading av-av_heading-e423ada88a43d6162d0ef612a5f2411f av-special-heading-h3 blockquote modern-quote  avia-builder-el-19  el_after_av_image  el_before_av_hr '><h3 class='av-special-heading-tag '  itemprop=\"headline\"  >Ramonage<\/h3><div class=\"special-heading-border\"><div class=\"special-heading-inner-border\"><\/div><\/div><\/div><br \/>\n\n<style type=\"text\/css\" data-created_by=\"avia_inline_auto\" id=\"style-css-av-av_hr-3e128d09911abf776949821b39a02bfe\">\n#top .hr.av-av_hr-3e128d09911abf776949821b39a02bfe{\nmargin-top:10px;\nmargin-bottom:10px;\n}\n.hr.av-av_hr-3e128d09911abf776949821b39a02bfe .hr-inner{\nwidth:50px;\nborder-color:#efbb20;\n}\n<\/style>\n<div  class='hr av-av_hr-3e128d09911abf776949821b39a02bfe hr-custom  avia-builder-el-20  el_after_av_heading  el_before_av_textblock  hr-left hr-icon-no'><span class='hr-inner inner-border-av-border-fat'><span class=\"hr-inner-style\"><\/span><\/span><\/div><br \/>\n<section  class='av_textblock_section av-av_textblock-0366cc7376be6c9e82a3e9cc8987b64f '   itemscope=\"itemscope\" itemtype=\"https:\/\/schema.org\/CreativeWork\" ><div class='avia_textblock'  itemprop=\"text\" ><p>Le ramonage est une obligation l\u00e9gale, c\u2019est avant tout une question de s\u00e9curit\u00e9 qui vous prot\u00e8ge et pr\u00e9serve vos biens.<br \/>\nLe ramonage am\u00e9liore le fonctionnement de vos \u00e9quipements.<\/p>\n<\/div><\/section><\/p><\/div><\/p>\n","protected":false},"excerpt":{"rendered":"","protected":false},"author":1,"featured_media":0,"parent":0,"menu_order":0,"comment_status":"closed","ping_status":"closed","template":"","meta":{"footnotes":""},"class_list":["post-25","page","type-page","status-publish","hentry"],"_links":{"self":[{"href":"https:\/\/gazflash.fr\/index.php\/wp-json\/wp\/v2\/pages\/25","targetHints":{"allow":["GET"]}}],"collection":[{"href":"https:\/\/gazflash.fr\/index.php\/wp-json\/wp\/v2\/pages"}],"about":[{"href":"https:\/\/gazflash.fr\/index.php\/wp-json\/wp\/v2\/types\/page"}],"author":[{"embeddable":true,"href":"https:\/\/gazflash.fr\/index.php\/wp-json\/wp\/v2\/users\/1"}],"replies":[{"embeddable":true,"href":"https:\/\/gazflash.fr\/index.php\/wp-json\/wp\/v2\/comments?post=25"}],"version-history":[{"count":13,"href":"https:\/\/gazflash.fr\/index.php\/wp-json\/wp\/v2\/pages\/25\/revisions"}],"predecessor-version":[{"id":334,"href":"https:\/\/gazflash.fr\/index.php\/wp-json\/wp\/v2\/pages\/25\/revisions\/334"}],"wp:attachment":[{"href":"https:\/\/gazflash.fr\/index.php\/wp-json\/wp\/v2\/media?parent=25"}],"curies":[{"name":"wp","href":"https:\/\/api.w.org\/{rel}","templated":true}]}}