{"id":31,"date":"2015-10-21T12:34:01","date_gmt":"2015-10-21T12:34:01","guid":{"rendered":"http:\/\/test.kriesi.at\/construction\/?page_id=31"},"modified":"2016-05-24T12:16:30","modified_gmt":"2016-05-24T11:16:30","slug":"entreprise","status":"publish","type":"page","link":"https:\/\/gazflash.fr\/index.php\/entreprise\/","title":{"rendered":"L&#8217;entreprise"},"content":{"rendered":"<div id='full_slider_1'  class='avia-fullwidth-slider main_color avia-shadow   avia-builder-el-0  el_before_av_section  avia-builder-el-first   container_wrap sidebar_right'  ><div  class='avia-slideshow av-av_slideshow_full-605e09e669456d9538f89a75a5120435 avia-slideshow-featured_large av_slideshow_full avia-fade-slider av-slideshow-ui av-control-hidden av-no-slider-navigation av-hide-nav-arrows av-slideshow-autoplay av-loop-endless av-loop-manual-endless av-default-height-applied   avia-slideshow-1' data-slideshow-options=\"{&quot;animation&quot;:&quot;fade&quot;,&quot;autoplay&quot;:true,&quot;loop_autoplay&quot;:&quot;endless&quot;,&quot;interval&quot;:5,&quot;loop_manual&quot;:&quot;manual-endless&quot;,&quot;autoplay_stopper&quot;:false,&quot;noNavigation&quot;:true,&quot;bg_slider&quot;:false,&quot;keep_padding&quot;:false,&quot;hoverpause&quot;:false,&quot;show_slide_delay&quot;:0}\"  itemprop=\"image\" itemscope=\"itemscope\" itemtype=\"https:\/\/schema.org\/ImageObject\" ><ul class='avia-slideshow-inner ' style='padding-bottom: 42%;'><li  class='avia-slideshow-slide av-av_slideshow_full-605e09e669456d9538f89a75a5120435__0  slide-1 slide-odd'><div data-rel='slideshow-1' class='avia-slide-wrap '   ><img decoding=\"async\" fetchpriority=\"high\" class=\"wp-image-458 avia-img-lazy-loading-not-458\"  src=\"https:\/\/gazflash.fr\/wp-content\/uploads\/2015\/10\/gazflash-3.jpg\" width=\"1500\" height=\"630\" title='gazflash-3' alt=''  itemprop=\"thumbnailUrl\" srcset=\"https:\/\/gazflash.fr\/wp-content\/uploads\/2015\/10\/gazflash-3.jpg 1500w, https:\/\/gazflash.fr\/wp-content\/uploads\/2015\/10\/gazflash-3-300x126.jpg 300w, https:\/\/gazflash.fr\/wp-content\/uploads\/2015\/10\/gazflash-3-768x323.jpg 768w, https:\/\/gazflash.fr\/wp-content\/uploads\/2015\/10\/gazflash-3-1030x433.jpg 1030w, https:\/\/gazflash.fr\/wp-content\/uploads\/2015\/10\/gazflash-3-705x296.jpg 705w, https:\/\/gazflash.fr\/wp-content\/uploads\/2015\/10\/gazflash-3-450x189.jpg 450w\" sizes=\"(max-width: 1500px) 100vw, 1500px\" \/><\/div><\/li><li  class='avia-slideshow-slide av-av_slideshow_full-605e09e669456d9538f89a75a5120435__1  slide-2 slide-even'><div data-rel='slideshow-1' class='avia-slide-wrap '   ><img decoding=\"async\" fetchpriority=\"high\" class=\"wp-image-456 avia-img-lazy-loading-not-456\"  src=\"https:\/\/gazflash.fr\/wp-content\/uploads\/2015\/10\/Fotolia_64382080_L_1.jpg\" width=\"1500\" height=\"630\" title='Fotolia_64382080_L_1' alt=''  itemprop=\"thumbnailUrl\" srcset=\"https:\/\/gazflash.fr\/wp-content\/uploads\/2015\/10\/Fotolia_64382080_L_1.jpg 1500w, https:\/\/gazflash.fr\/wp-content\/uploads\/2015\/10\/Fotolia_64382080_L_1-300x126.jpg 300w, https:\/\/gazflash.fr\/wp-content\/uploads\/2015\/10\/Fotolia_64382080_L_1-768x323.jpg 768w, https:\/\/gazflash.fr\/wp-content\/uploads\/2015\/10\/Fotolia_64382080_L_1-1030x433.jpg 1030w, https:\/\/gazflash.fr\/wp-content\/uploads\/2015\/10\/Fotolia_64382080_L_1-705x296.jpg 705w, https:\/\/gazflash.fr\/wp-content\/uploads\/2015\/10\/Fotolia_64382080_L_1-450x189.jpg 450w\" sizes=\"(max-width: 1500px) 100vw, 1500px\" \/><\/div><\/li><\/ul><div class='avia-slideshow-arrows avia-slideshow-controls' ><a href='#prev' class='prev-slide  avia-svg-icon avia-font-svg_entypo-fontello' data-av_svg_icon='left-open-big' data-av_iconset='svg_entypo-fontello' tabindex='-1' title=\"Previous\"><svg version=\"1.1\" xmlns=\"http:\/\/www.w3.org\/2000\/svg\" width=\"15\" height=\"32\" viewBox=\"0 0 15 32\" preserveAspectRatio=\"xMidYMid meet\" aria-labelledby='av-svg-title-1' aria-describedby='av-svg-desc-1' role=\"graphics-symbol\" aria-hidden=\"true\">\n<title id='av-svg-title-1'>Previous<\/title>\n<desc id='av-svg-desc-1'>Previous<\/desc>\n<path d=\"M14.464 27.84q0.832 0.832 0 1.536-0.832 0.832-1.536 0l-12.544-12.608q-0.768-0.768 0-1.6l12.544-12.608q0.704-0.832 1.536 0 0.832 0.704 0 1.536l-11.456 11.904z\"><\/path>\n<\/svg><span class='avia_hidden_link_text'>Previous<\/span><\/a><a href='#next' class='next-slide  avia-svg-icon avia-font-svg_entypo-fontello' data-av_svg_icon='right-open-big' data-av_iconset='svg_entypo-fontello' tabindex='-1' title=\"Next\"><svg version=\"1.1\" xmlns=\"http:\/\/www.w3.org\/2000\/svg\" width=\"15\" height=\"32\" viewBox=\"0 0 15 32\" preserveAspectRatio=\"xMidYMid meet\" aria-labelledby='av-svg-title-2' aria-describedby='av-svg-desc-2' role=\"graphics-symbol\" aria-hidden=\"true\">\n<title id='av-svg-title-2'>Next<\/title>\n<desc id='av-svg-desc-2'>Next<\/desc>\n<path d=\"M0.416 27.84l11.456-11.84-11.456-11.904q-0.832-0.832 0-1.536 0.832-0.832 1.536 0l12.544 12.608q0.768 0.832 0 1.6l-12.544 12.608q-0.704 0.832-1.536 0-0.832-0.704 0-1.536z\"><\/path>\n<\/svg><span class='avia_hidden_link_text'>Next<\/span><\/a><\/div><\/div><\/div>\n<div id='av_section_1'  class='avia-section av-av_section-43fa913dbbd7170bb5693496c11aa38b main_color avia-section-large avia-no-border-styling  avia-builder-el-1  el_after_av_slideshow_full  el_before_av_heading  avia-bg-style-scroll container_wrap sidebar_right'  ><div class='container av-section-cont-open' ><div class='template-page content  av-content-small alpha units'><div class='post-entry post-entry-type-page post-entry-31'><div class='entry-content-wrapper clearfix'>\n\n<style type=\"text\/css\" data-created_by=\"avia_inline_auto\" id=\"style-css-av-av_heading-c32f6b4aa7191cb1628e25ecf2a88655\">\n#top .av-special-heading.av-av_heading-c32f6b4aa7191cb1628e25ecf2a88655{\npadding-bottom:0;\n}\nbody .av-special-heading.av-av_heading-c32f6b4aa7191cb1628e25ecf2a88655 .av-special-heading-tag .heading-char{\nfont-size:25px;\n}\n.av-special-heading.av-av_heading-c32f6b4aa7191cb1628e25ecf2a88655 .av-subheading{\nfont-size:15px;\n}\n<\/style>\n<div  class='av-special-heading av-av_heading-c32f6b4aa7191cb1628e25ecf2a88655 av-special-heading-h2 blockquote modern-quote modern-centered  avia-builder-el-2  el_before_av_hr  avia-builder-el-first '><h2 class='av-special-heading-tag '  itemprop=\"headline\"  >L\u2019entreprise, nos valeurs et nos engagements<\/h2><div class=\"special-heading-border\"><div class=\"special-heading-inner-border\"><\/div><\/div><\/div>\n\n<style type=\"text\/css\" data-created_by=\"avia_inline_auto\" id=\"style-css-av-av_hr-2e9cd41bcbcb41d66765fc995de39cbb\">\n#top .hr.av-av_hr-2e9cd41bcbcb41d66765fc995de39cbb{\nmargin-top:5px;\nmargin-bottom:75px;\n}\n.hr.av-av_hr-2e9cd41bcbcb41d66765fc995de39cbb .hr-inner{\nwidth:50px;\nborder-color:#efbb20;\n}\n<\/style>\n<div  class='hr av-av_hr-2e9cd41bcbcb41d66765fc995de39cbb hr-custom  avia-builder-el-3  el_after_av_heading  el_before_av_one_third  hr-center hr-icon-no'><span class='hr-inner inner-border-av-border-fat'><span class=\"hr-inner-style\"><\/span><\/span><\/div>\n\n<style type=\"text\/css\" data-created_by=\"avia_inline_auto\" id=\"style-css-av-av_one_third-d71a51a707c4656b37c9afbbd6138215\">\n.flex_column.av-av_one_third-d71a51a707c4656b37c9afbbd6138215{\nborder-radius:0px 0px 0px 0px;\npadding:0px 0px 0px 0px;\n}\n<\/style>\n<div  class='flex_column av-av_one_third-d71a51a707c4656b37c9afbbd6138215 av_one_third  avia-builder-el-4  el_after_av_hr  el_before_av_one_third  first flex_column_div av-animated-generic bottom-to-top av-zero-column-padding  '     ><article  class='iconbox iconbox_left_content av-av_icon_box-42c945317aa8d5531f28a19c9c2a467a  avia-builder-el-5  avia-builder-el-no-sibling '  itemscope=\"itemscope\" itemtype=\"https:\/\/schema.org\/CreativeWork\" ><div class='iconbox_icon heading-color avia-iconfont avia-font-entypo-fontello' data-av_icon='\ue856' data-av_iconfont='entypo-fontello'  ><\/div><div class=\"iconbox_content\"><header class=\"entry-content-header\" aria-label=\"Icon: Maintenance\"><h3 class='iconbox_content_title '  itemprop=\"headline\" >Maintenance<\/h3><\/header><div class='iconbox_content_container '  itemprop=\"text\" ><p>Dans le cadre de nos contrats de maintenance, nous nous engageons \u00e0 offrir une prestation de qualit\u00e9.<\/p>\n<\/div><\/div><footer class=\"entry-footer\"><\/footer><\/article><\/div>\n<style type=\"text\/css\" data-created_by=\"avia_inline_auto\" id=\"style-css-av-av_one_third-a46df370dd9a40a6b0f93804e87d7282\">\n.flex_column.av-av_one_third-a46df370dd9a40a6b0f93804e87d7282{\nborder-radius:0px 0px 0px 0px;\npadding:0px 0px 0px 0px;\n}\n<\/style>\n<div  class='flex_column av-av_one_third-a46df370dd9a40a6b0f93804e87d7282 av_one_third  avia-builder-el-6  el_after_av_one_third  el_before_av_one_third  flex_column_div av-animated-generic bottom-to-top av-zero-column-padding  '     ><article  class='iconbox iconbox_left_content av-av_icon_box-94c9244ce8f6cb5fc0c6b551fc1fad2c  avia-builder-el-7  avia-builder-el-no-sibling '  itemscope=\"itemscope\" itemtype=\"https:\/\/schema.org\/CreativeWork\" ><div class='iconbox_icon heading-color avia-iconfont avia-font-entypo-fontello' data-av_icon='\ue84d' data-av_iconfont='entypo-fontello'  ><\/div><div class=\"iconbox_content\"><header class=\"entry-content-header\" aria-label=\"Icon: Certifications\"><h3 class='iconbox_content_title '  itemprop=\"headline\" >Certifications<\/h3><\/header><div class='iconbox_content_container '  itemprop=\"text\" ><p>Nous sommes certifi\u00e9s <strong>Professionnel du Gaz et RGE<\/strong>.<\/p>\n<\/div><\/div><footer class=\"entry-footer\"><\/footer><\/article><\/div>\n<style type=\"text\/css\" data-created_by=\"avia_inline_auto\" id=\"style-css-av-av_one_third-5e573e412b2cb2d94a04ba5d08f2f66e\">\n.flex_column.av-av_one_third-5e573e412b2cb2d94a04ba5d08f2f66e{\nborder-radius:0px 0px 0px 0px;\npadding:0px 0px 0px 0px;\n}\n<\/style>\n<div  class='flex_column av-av_one_third-5e573e412b2cb2d94a04ba5d08f2f66e av_one_third  avia-builder-el-8  el_after_av_one_third  el_before_av_one_third  flex_column_div av-animated-generic bottom-to-top av-zero-column-padding  '     ><article  class='iconbox iconbox_left_content av-av_icon_box-8d53551054d5c987db1f2bbca4ffdb48  avia-builder-el-9  avia-builder-el-no-sibling '  itemscope=\"itemscope\" itemtype=\"https:\/\/schema.org\/CreativeWork\" ><div class='iconbox_icon heading-color avia-iconfont avia-font-entypo-fontello' data-av_icon='\ue864' data-av_iconfont='entypo-fontello'  ><\/div><div class=\"iconbox_content\"><header class=\"entry-content-header\" aria-label=\"Icon: Conseils Techniques\"><h3 class='iconbox_content_title '  itemprop=\"headline\" >Conseils Techniques<\/h3><\/header><div class='iconbox_content_container '  itemprop=\"text\" ><p>Notre \u00e9quipe de professionnels vous conseille et vous propose une solution adapt\u00e9e \u00e0 votre besoin.<\/p>\n<\/div><\/div><footer class=\"entry-footer\"><\/footer><\/article><\/div>\n<style type=\"text\/css\" data-created_by=\"avia_inline_auto\" id=\"style-css-av-av_one_third-d71a51a707c4656b37c9afbbd6138215\">\n.flex_column.av-av_one_third-d71a51a707c4656b37c9afbbd6138215{\nborder-radius:0px 0px 0px 0px;\npadding:0px 0px 0px 0px;\n}\n<\/style>\n<div  class='flex_column av-av_one_third-d71a51a707c4656b37c9afbbd6138215 av_one_third  avia-builder-el-10  el_after_av_one_third  el_before_av_one_third  first flex_column_div av-animated-generic bottom-to-top av-zero-column-padding  column-top-margin'     ><article  class='iconbox iconbox_left_content av-av_icon_box-34f9d437066407ee3b8189d017ce9a74  avia-builder-el-11  avia-builder-el-no-sibling '  itemscope=\"itemscope\" itemtype=\"https:\/\/schema.org\/CreativeWork\" ><div class='iconbox_icon heading-color avia-iconfont avia-font-entypo-fontello' data-av_icon='\ue8c2' data-av_iconfont='entypo-fontello'  ><\/div><div class=\"iconbox_content\"><header class=\"entry-content-header\" aria-label=\"Icon: Garantie\"><h3 class='iconbox_content_title '  itemprop=\"headline\" >Garantie<\/h3><\/header><div class='iconbox_content_container '  itemprop=\"text\" ><p>Nos installations sont garanties 2 ans pour les pi\u00e8ces.<\/p>\n<\/div><\/div><footer class=\"entry-footer\"><\/footer><\/article><\/div>\n<style type=\"text\/css\" data-created_by=\"avia_inline_auto\" id=\"style-css-av-av_one_third-0a5a9af87ff0585085221924a7c22692\">\n.flex_column.av-av_one_third-0a5a9af87ff0585085221924a7c22692{\nborder-radius:0px 0px 0px 0px;\npadding:0px 0px 0px 0px;\n}\n<\/style>\n<div  class='flex_column av-av_one_third-0a5a9af87ff0585085221924a7c22692 av_one_third  avia-builder-el-12  el_after_av_one_third  el_before_av_one_third  flex_column_div av-animated-generic bottom-to-top av-zero-column-padding  column-top-margin'     ><article  class='iconbox iconbox_left_content av-av_icon_box-8182037e66336b40ab0feddbd86a769b  avia-builder-el-13  avia-builder-el-no-sibling '  itemscope=\"itemscope\" itemtype=\"https:\/\/schema.org\/CreativeWork\" ><div class='iconbox_icon heading-color avia-iconfont avia-font-entypo-fontello' data-av_icon='\ue828' data-av_iconfont='entypo-fontello'  ><\/div><div class=\"iconbox_content\"><header class=\"entry-content-header\" aria-label=\"Icon: Cr\u00e9\u00e9e en 1965\"><h3 class='iconbox_content_title '  itemprop=\"headline\" >Cr\u00e9\u00e9e en 1965<\/h3><\/header><div class='iconbox_content_container '  itemprop=\"text\" ><p>Sp\u00e9cialis\u00e9e dans le chauffage depuis plus de 50 ans, notre entreprise est\u00a0reconnue par les plus grandes marques.<\/p>\n<\/div><\/div><footer class=\"entry-footer\"><\/footer><\/article><\/div>\n<style type=\"text\/css\" data-created_by=\"avia_inline_auto\" id=\"style-css-av-av_one_third-5e573e412b2cb2d94a04ba5d08f2f66e\">\n.flex_column.av-av_one_third-5e573e412b2cb2d94a04ba5d08f2f66e{\nborder-radius:0px 0px 0px 0px;\npadding:0px 0px 0px 0px;\n}\n<\/style>\n<div  class='flex_column av-av_one_third-5e573e412b2cb2d94a04ba5d08f2f66e av_one_third  avia-builder-el-14  el_after_av_one_third  avia-builder-el-last  flex_column_div av-animated-generic bottom-to-top av-zero-column-padding  column-top-margin'     ><article  class='iconbox iconbox_left_content av-av_icon_box-1a7f8e0edf5cdd82f0945ad7acf23c9f  avia-builder-el-15  avia-builder-el-no-sibling '  itemscope=\"itemscope\" itemtype=\"https:\/\/schema.org\/CreativeWork\" ><div class='iconbox_icon heading-color avia-iconfont avia-font-entypo-fontello' data-av_icon='\ue8b9' data-av_iconfont='entypo-fontello'  ><\/div><div class=\"iconbox_content\"><header class=\"entry-content-header\" aria-label=\"Icon: Interventions rapides\"><h3 class='iconbox_content_title '  itemprop=\"headline\" >Interventions rapides<\/h3><\/header><div class='iconbox_content_container '  itemprop=\"text\" ><p>Nous vous garantissons un intervention rapide et efficace (selon votre contrat).<\/p>\n<\/div><\/div><footer class=\"entry-footer\"><\/footer><\/article><\/div><\/div><\/div><\/div><!-- close content main div --><\/div><\/div><div id='after_section_1'  class='main_color av_default_container_wrap container_wrap sidebar_right'  ><div class='container av-section-cont-open' ><div class='template-page content  av-content-small alpha units'><div class='post-entry post-entry-type-page post-entry-31'><div class='entry-content-wrapper clearfix'>\n<style type=\"text\/css\" data-created_by=\"avia_inline_auto\" id=\"style-css-av-av_heading-d95bbe2fe90fb92127c539fa66b0142b\">\n#top .av-special-heading.av-av_heading-d95bbe2fe90fb92127c539fa66b0142b{\npadding-bottom:0;\n}\nbody .av-special-heading.av-av_heading-d95bbe2fe90fb92127c539fa66b0142b .av-special-heading-tag .heading-char{\nfont-size:25px;\n}\n.av-special-heading.av-av_heading-d95bbe2fe90fb92127c539fa66b0142b .av-subheading{\nfont-size:15px;\n}\n<\/style>\n<div  class='av-special-heading av-av_heading-d95bbe2fe90fb92127c539fa66b0142b av-special-heading-h2 blockquote modern-quote modern-centered  avia-builder-el-16  el_after_av_section  el_before_av_hr  avia-builder-el-first '><h2 class='av-special-heading-tag '  itemprop=\"headline\"  >Station Technique agr\u00e9\u00e9e<\/h2><div class=\"special-heading-border\"><div class=\"special-heading-inner-border\"><\/div><\/div><\/div><\/p>\n\n<style type=\"text\/css\" data-created_by=\"avia_inline_auto\" id=\"style-css-av-av_hr-c282f4cd9bd3f3c176a54b23e2e441a5\">\n#top .hr.av-av_hr-c282f4cd9bd3f3c176a54b23e2e441a5{\nmargin-top:5px;\nmargin-bottom:35px;\n}\n.hr.av-av_hr-c282f4cd9bd3f3c176a54b23e2e441a5 .hr-inner{\nwidth:50px;\nborder-color:#efbb20;\n}\n<\/style>\n<div  class='hr av-av_hr-c282f4cd9bd3f3c176a54b23e2e441a5 hr-custom  avia-builder-el-17  el_after_av_heading  el_before_av_partner  hr-center hr-icon-no'><span class='hr-inner inner-border-av-border-fat'><span class=\"hr-inner-style\"><\/span><\/span><\/div>\n\n<style type=\"text\/css\" data-created_by=\"avia_inline_auto\" id=\"style-css-av-av_partner-c10d650fc20fff2a9c5ca40e1fffe15e\">\n.avia-logo-element-container.av-av_partner-c10d650fc20fff2a9c5ca40e1fffe15e .av-partner-fake-img{\nbackground-size:cover;\n}\n<\/style>\n<div  class='avia-logo-element-container av-av_partner-c10d650fc20fff2a9c5ca40e1fffe15e avia-logo-grid avia-content-slider avia-smallarrow-slider avia-content-grid-active noHover avia-content-slider-odd  avia-builder-el-18  el_after_av_hr  avia-builder-el-last  avia-content-slider1' ><div class='avia-smallarrow-slider-heading  no-logo-slider-heading '><div class='new-special-heading'>&nbsp;<\/div><\/div><div class=\"avia-content-slider-inner\"><div class=\"slide-entry-wrap\"><div  class='slide-entry av-av_partner_logo-2e09cc40881dbd77433a0f4f73ef0c63 flex_column no_margin av_one_fifth real-thumbnail post-entry slide-entry-overview slide-loop-1 slide-parity-odd  first'><a href=\"http:\/\/www.saunierduval.fr\/particulier\/\" data-rel='slide-1' class='slide-image' title=''  target=\"_blank\"  rel=\"noopener noreferrer\"><span class='av-partner-fake-img' style='padding-bottom:50%; background-image:url(https:\/\/gazflash.fr\/wp-content\/uploads\/2015\/10\/logo-saunier-duval.png);'><\/span><\/a><\/div><div  class='slide-entry av-av_partner_logo-7247d185d7cf0bf7b45f04e0362fad7a flex_column no_margin av_one_fifth real-thumbnail post-entry slide-entry-overview slide-loop-2 slide-parity-even  '><a href=\"http:\/\/www.elmleblanc.fr\/\" data-rel='slide-1' class='slide-image' title=''  target=\"_blank\"  rel=\"noopener noreferrer\"><span class='av-partner-fake-img' style='padding-bottom:50%; background-image:url(https:\/\/gazflash.fr\/wp-content\/uploads\/2015\/10\/logo-elm-leblanc.png);'><\/span><\/a><\/div><div  class='slide-entry av-av_partner_logo-9cca5eba588be922f846b0c4ab061913 flex_column no_margin av_one_fifth real-thumbnail post-entry slide-entry-overview slide-loop-3 slide-parity-odd  '><a href=\"http:\/\/www.dedietrich-thermique.fr\/\" data-rel='slide-1' class='slide-image' title=''  target=\"_blank\"  rel=\"noopener noreferrer\"><span class='av-partner-fake-img' style='padding-bottom:50%; background-image:url(https:\/\/gazflash.fr\/wp-content\/uploads\/2015\/10\/logo-de-dietrich.png);'><\/span><\/a><\/div><div  class='slide-entry av-av_partner_logo-011aa4cd7a9a6d72a31de75f0346939a flex_column no_margin av_one_fifth real-thumbnail post-entry slide-entry-overview slide-loop-4 slide-parity-even  '><a href=\"http:\/\/www.chaffoteaux.fr\/\" data-rel='slide-1' class='slide-image' title=''  target=\"_blank\"  rel=\"noopener noreferrer\"><span class='av-partner-fake-img' style='padding-bottom:50%; background-image:url(https:\/\/gazflash.fr\/wp-content\/uploads\/2015\/10\/logo-chaffoteau.png);'><\/span><\/a><\/div><div  class='slide-entry av-av_partner_logo-b25cfc8cce53c1c218cf021d83569b9a flex_column no_margin av_one_fifth real-thumbnail post-entry slide-entry-overview slide-loop-5 slide-parity-odd post-entry-last '><a href=\"http:\/\/www.frisquet.fr\/\" data-rel='slide-1' class='slide-image' title=''  target=\"_blank\"  rel=\"noopener noreferrer\"><span class='av-partner-fake-img' style='padding-bottom:50%; background-image:url(https:\/\/gazflash.fr\/wp-content\/uploads\/2015\/10\/logo-frisquet.png);'><\/span><\/a><\/div><\/div><\/div><\/div>\n","protected":false},"excerpt":{"rendered":"","protected":false},"author":1,"featured_media":0,"parent":0,"menu_order":0,"comment_status":"closed","ping_status":"closed","template":"","meta":{"footnotes":""},"class_list":["post-31","page","type-page","status-publish","hentry"],"_links":{"self":[{"href":"https:\/\/gazflash.fr\/index.php\/wp-json\/wp\/v2\/pages\/31","targetHints":{"allow":["GET"]}}],"collection":[{"href":"https:\/\/gazflash.fr\/index.php\/wp-json\/wp\/v2\/pages"}],"about":[{"href":"https:\/\/gazflash.fr\/index.php\/wp-json\/wp\/v2\/types\/page"}],"author":[{"embeddable":true,"href":"https:\/\/gazflash.fr\/index.php\/wp-json\/wp\/v2\/users\/1"}],"replies":[{"embeddable":true,"href":"https:\/\/gazflash.fr\/index.php\/wp-json\/wp\/v2\/comments?post=31"}],"version-history":[{"count":26,"href":"https:\/\/gazflash.fr\/index.php\/wp-json\/wp\/v2\/pages\/31\/revisions"}],"predecessor-version":[{"id":515,"href":"https:\/\/gazflash.fr\/index.php\/wp-json\/wp\/v2\/pages\/31\/revisions\/515"}],"wp:attachment":[{"href":"https:\/\/gazflash.fr\/index.php\/wp-json\/wp\/v2\/media?parent=31"}],"curies":[{"name":"wp","href":"https:\/\/api.w.org\/{rel}","templated":true}]}}