{"id":518,"date":"2018-04-10T16:26:29","date_gmt":"2018-04-10T15:26:29","guid":{"rendered":"http:\/\/gazflash.fr\/?page_id=518"},"modified":"2018-06-27T16:02:42","modified_gmt":"2018-06-27T15:02:42","slug":"mentions-legales","status":"publish","type":"page","link":"https:\/\/gazflash.fr\/index.php\/mentions-legales\/","title":{"rendered":"Mentions L\u00e9gales"},"content":{"rendered":"\n<style type=\"text\/css\" data-created_by=\"avia_inline_auto\" id=\"style-css-av-av_heading-213819a21b35ebc048b4982ab8b9101e\">\n#top .av-special-heading.av-av_heading-213819a21b35ebc048b4982ab8b9101e{\npadding-bottom:0;\n}\nbody .av-special-heading.av-av_heading-213819a21b35ebc048b4982ab8b9101e .av-special-heading-tag .heading-char{\nfont-size:25px;\n}\n.av-special-heading.av-av_heading-213819a21b35ebc048b4982ab8b9101e .av-subheading{\nfont-size:15px;\n}\n<\/style>\n<div  class='av-special-heading av-av_heading-213819a21b35ebc048b4982ab8b9101e av-special-heading-h2 blockquote modern-quote  avia-builder-el-0  el_before_av_one_full  avia-builder-el-first '><h2 class='av-special-heading-tag '  itemprop=\"headline\"  >Mentions L\u00e9gales<\/h2><div class=\"special-heading-border\"><div class=\"special-heading-inner-border\"><\/div><\/div><\/div>\n\n<style type=\"text\/css\" data-created_by=\"avia_inline_auto\" id=\"style-css-av-av_one_full-d71a51a707c4656b37c9afbbd6138215\">\n.flex_column.av-av_one_full-d71a51a707c4656b37c9afbbd6138215{\nborder-radius:0px 0px 0px 0px;\npadding:0px 0px 0px 0px;\n}\n<\/style>\n<div  class='flex_column av-av_one_full-d71a51a707c4656b37c9afbbd6138215 av_one_full  avia-builder-el-1  el_after_av_heading  avia-builder-el-last  first flex_column_div av-animated-generic bottom-to-top av-zero-column-padding  '     ><p>\n<style type=\"text\/css\" data-created_by=\"avia_inline_auto\" id=\"style-css-av-av_hr-3e128d09911abf776949821b39a02bfe\">\n#top .hr.av-av_hr-3e128d09911abf776949821b39a02bfe{\nmargin-top:10px;\nmargin-bottom:10px;\n}\n.hr.av-av_hr-3e128d09911abf776949821b39a02bfe .hr-inner{\nwidth:50px;\nborder-color:#efbb20;\n}\n<\/style>\n<div  class='hr av-av_hr-3e128d09911abf776949821b39a02bfe hr-custom  avia-builder-el-2  el_before_av_textblock  avia-builder-el-first  hr-left hr-icon-no'><span class='hr-inner inner-border-av-border-fat'><span class=\"hr-inner-style\"><\/span><\/span><\/div><br \/>\n<section  class='av_textblock_section av-av_textblock-0366cc7376be6c9e82a3e9cc8987b64f '   itemscope=\"itemscope\" itemtype=\"https:\/\/schema.org\/CreativeWork\" ><div class='avia_textblock'  itemprop=\"text\" ><h2><\/h2>\n<p>Tous les \u00e9l\u00e9ments (textes, logos, images, \u00e9l\u00e9ments sonores, logiciels, \u00eecones,\u2026) contenus dans le site ou dans les sites associ\u00e9s sont prot\u00e9g\u00e9s par le droit de propri\u00e9t\u00e9 intellectuelle. Ainsi, aucun des documents provenant du site ne peut \u00eatre copi\u00e9, reproduit, modifi\u00e9, transmis, diffus\u00e9 d\u2019aucune mani\u00e8re que ce soit. Seul est autoris\u00e9 le t\u00e9l\u00e9chargement d\u2019une copie des documents pour votre utilisation personnelle et \u00e0 des fins non commerciales. La modification de ces documents ou leur utilisation dans un autre but constitue une infraction au droit de propri\u00e9t\u00e9 intellectuelle de Gazflash\u00a0et de ses partenaires.<\/p>\n<p><strong>Photos :<\/strong> \u00a9 Fotolia;\u00a0\u00a9\u00a0Gazflash<\/p>\n<p><strong>Ce site internet est \u00e9dit\u00e9 par la soci\u00e9t\u00e9 <\/strong><b>GAZFLAS<\/b><strong>H\u00a0SAS<\/strong><br \/>\nSoci\u00e9t\u00e9 par Actions Simplifi\u00e9e au capital de 30 600\u00a0\u20ac<\/p>\n<p><strong>Si\u00e8ge social :<\/strong><br \/>\n<b>GAZFLASH<\/b><br \/>\n7, rue Sainte-Isaure<br \/>\n75018 PARIS<\/p>\n<p>T\u00e9l\u00e9phone :\u00a001 42 64 80 51<\/p>\n<p>R.C.S. Paris 65 B 3524<br \/>\nSIRET\u00a0652 035 247 00012<br \/>\nNAF : 4322A<br \/>\nOPQCB n\u00b0 5511***<\/p>\n<p>Direction g\u00e9n\u00e9rale :\u00a0Franck Robillard<br \/>\nDirecteur de la publication :\u00a0Franck Robillard<\/p>\n<p><strong>Le pr\u00e9sent site est h\u00e9berg\u00e9 par :<\/strong><br \/>\nla soci\u00e9t\u00e9 OVH \u2013 2, rue Kellermann \u2013 BP80157 \u2013 \u00a059053 Roubaix Cedex 1\u2013 France<\/p>\n<p><strong>Le pr\u00e9sent site est r\u00e9alis\u00e9 par :<\/strong><br \/>\nla soci\u00e9t\u00e9 <a href=\"http:\/\/www.isaprint.fr\"><strong>ISA<\/strong><\/a>\u2013 11, rue Riant\u00a0\u2013 93200 SAINT-DENIS \u2013 France<\/p>\n<p><strong>Garantie :<br \/>\n<\/strong>Ce site web a \u00e9t\u00e9 r\u00e9alis\u00e9 avec le plus grand soin possible. Toutefois, <b>GAZFLASH\u00a0<\/b>SAS\u00a0ne peut pas garantir que les informations contenues soient exemptes d&#8217;erreurs et parfaitement pr\u00e9cises. <b>GAZFLASH\u00a0<\/b>SAS exclut toute responsabilit\u00e9 des dommages d\u00e9coulant directement ou indirectement de l&#8217;utilisation de ce site web, sauf intention malveillante ou n\u00e9gligence grossi\u00e8re de <b>GAZFLASH\u00a0<\/b>SAS.<\/p>\n<\/div><\/section><\/p><\/div>\n","protected":false},"excerpt":{"rendered":"","protected":false},"author":1,"featured_media":0,"parent":0,"menu_order":0,"comment_status":"closed","ping_status":"closed","template":"","meta":{"footnotes":""},"class_list":["post-518","page","type-page","status-publish","hentry"],"_links":{"self":[{"href":"https:\/\/gazflash.fr\/index.php\/wp-json\/wp\/v2\/pages\/518","targetHints":{"allow":["GET"]}}],"collection":[{"href":"https:\/\/gazflash.fr\/index.php\/wp-json\/wp\/v2\/pages"}],"about":[{"href":"https:\/\/gazflash.fr\/index.php\/wp-json\/wp\/v2\/types\/page"}],"author":[{"embeddable":true,"href":"https:\/\/gazflash.fr\/index.php\/wp-json\/wp\/v2\/users\/1"}],"replies":[{"embeddable":true,"href":"https:\/\/gazflash.fr\/index.php\/wp-json\/wp\/v2\/comments?post=518"}],"version-history":[{"count":12,"href":"https:\/\/gazflash.fr\/index.php\/wp-json\/wp\/v2\/pages\/518\/revisions"}],"predecessor-version":[{"id":549,"href":"https:\/\/gazflash.fr\/index.php\/wp-json\/wp\/v2\/pages\/518\/revisions\/549"}],"wp:attachment":[{"href":"https:\/\/gazflash.fr\/index.php\/wp-json\/wp\/v2\/media?parent=518"}],"curies":[{"name":"wp","href":"https:\/\/api.w.org\/{rel}","templated":true}]}}