{"id":532,"date":"2018-06-27T13:05:07","date_gmt":"2018-06-27T12:05:07","guid":{"rendered":"http:\/\/gazflash.fr\/?page_id=532"},"modified":"2018-06-27T13:17:11","modified_gmt":"2018-06-27T12:17:11","slug":"donnees-personnelles","status":"publish","type":"page","link":"https:\/\/gazflash.fr\/index.php\/donnees-personnelles\/","title":{"rendered":"Donn\u00e9es personnelles"},"content":{"rendered":"\n<style type=\"text\/css\" data-created_by=\"avia_inline_auto\" id=\"style-css-av-av_heading-10001d7ca9f484c3c3779bfe0d12f651\">\n#top .av-special-heading.av-av_heading-10001d7ca9f484c3c3779bfe0d12f651{\npadding-bottom:0;\n}\nbody .av-special-heading.av-av_heading-10001d7ca9f484c3c3779bfe0d12f651 .av-special-heading-tag .heading-char{\nfont-size:25px;\n}\n.av-special-heading.av-av_heading-10001d7ca9f484c3c3779bfe0d12f651 .av-subheading{\nfont-size:15px;\n}\n<\/style>\n<div  class='av-special-heading av-av_heading-10001d7ca9f484c3c3779bfe0d12f651 av-special-heading-h2 blockquote modern-quote  avia-builder-el-0  el_before_av_one_full  avia-builder-el-first '><h2 class='av-special-heading-tag '  itemprop=\"headline\"  >POLITIQUE DE PROTECTION DES DONN\u00c9ES PERSONNELLES<\/h2><div class=\"special-heading-border\"><div class=\"special-heading-inner-border\"><\/div><\/div><\/div>\n\n<style type=\"text\/css\" data-created_by=\"avia_inline_auto\" id=\"style-css-av-av_one_full-d71a51a707c4656b37c9afbbd6138215\">\n.flex_column.av-av_one_full-d71a51a707c4656b37c9afbbd6138215{\nborder-radius:0px 0px 0px 0px;\npadding:0px 0px 0px 0px;\n}\n<\/style>\n<div  class='flex_column av-av_one_full-d71a51a707c4656b37c9afbbd6138215 av_one_full  avia-builder-el-1  el_after_av_heading  avia-builder-el-last  first flex_column_div av-animated-generic bottom-to-top av-zero-column-padding  '     ><p>\n<style type=\"text\/css\" data-created_by=\"avia_inline_auto\" id=\"style-css-av-av_hr-3e128d09911abf776949821b39a02bfe\">\n#top .hr.av-av_hr-3e128d09911abf776949821b39a02bfe{\nmargin-top:10px;\nmargin-bottom:10px;\n}\n.hr.av-av_hr-3e128d09911abf776949821b39a02bfe .hr-inner{\nwidth:50px;\nborder-color:#efbb20;\n}\n<\/style>\n<div  class='hr av-av_hr-3e128d09911abf776949821b39a02bfe hr-custom  avia-builder-el-2  el_before_av_textblock  avia-builder-el-first  hr-left hr-icon-no'><span class='hr-inner inner-border-av-border-fat'><span class=\"hr-inner-style\"><\/span><\/span><\/div><br \/>\n<section  class='av_textblock_section av-av_textblock-0366cc7376be6c9e82a3e9cc8987b64f '   itemscope=\"itemscope\" itemtype=\"https:\/\/schema.org\/CreativeWork\" ><div class='avia_textblock'  itemprop=\"text\" ><p>Gazflash s&#8217;engage, dans le cadre de ses activit\u00e9s et conform\u00e9ment \u00e0 la l\u00e9gislation en vigueur en France et en Europe, \u00e0 assurer la protection, la confidentialit\u00e9 et la s\u00e9curit\u00e9 des donn\u00e9es \u00e0 caract\u00e8re personnel des utilisateurs de ses services, ainsi qu&#8217;\u00e0 respecter leur vie priv\u00e9e.<br \/>\nLa pr\u00e9sente Politique vous informe que la fa\u00e7on dont Gazflash traite vos donn\u00e9es personnelles.<br \/>\nElle est susceptible d&#8217;\u00eatre compl\u00e9t\u00e9e par des informations sp\u00e9cifiques port\u00e9es \u00e0 la connaissance de I\u2018utilisateur.<\/p>\n<p><strong>Pourquoi Gazflash traite vos donn\u00e9es ?<br \/>\n<\/strong>Gazflash ne traite les donn\u00e9es personnelles que pour des finalit\u00e9s d\u00e9termin\u00e9es, explicites et l\u00e9gitimes. Gazflash ne traite pas ces donn\u00e9es de mani\u00e8re incompatible avec ces finalit\u00e9s.<br \/>\nGazflash traite les donn\u00e9es dans le cadre de I\u2018ex\u00e9cution d&#8217;un contrat<\/p>\n<p><strong>\u00c0 cet effet, les finalit\u00e9s poursuivies par Gazflash sont les suivantes :<br \/>\n<\/strong>. G\u00e9rer l&#8217;identit\u00e9 du client ou de utilisateur et I&#8217;authentifier<br \/>\n. G\u00e9rer la commande<br \/>\n. G\u00e9rer le mat\u00e9riel<br \/>\n. Facturer et encaisser les paiements<br \/>\n. Assurer le service avant-vente et vendre<br \/>\n. G\u00e9rer les donn\u00e9es personnelles, caract\u00e9ristiques et droits d&#8217;un contrat<br \/>\n. Traiter les r\u00e9siliations<br \/>\n. Traiter les r\u00e9clamations<br \/>\n. G\u00e9rer les courriers entrants<br \/>\n. Recouvrer les impay\u00e9s<br \/>\n. G\u00e9rer les demandes relatives aux droits des personnes concern\u00e9es<br \/>\n. Stocker des donn\u00e9es du client ou d&#8217;un utilisateur<\/p>\n<p>Les donn\u00e9es sont conserv\u00e9es pour la dur\u00e9e n\u00e9cessaire \u00e0 I \u2018accomplissement des finalit\u00e9s mentionn\u00e9es ci-dessous. S&#8217;agissant des traitements relatifs \u00e0 I \u2018ex\u00e9cution du contrat, les donn\u00e9es peuvent \u00eatre conserv\u00e9es au maximum pour une dur\u00e9e de cinq ans \u00e0 compter de la fin de la relation.<\/p>\n<p><strong>Droits des personnes concern\u00e9es<br \/>\n<\/strong>Les personnes concern\u00e9es par des traitements de donn\u00e9es personnelles disposent d&#8217;un droit d&#8217;acc\u00e8s, de rectification et de suppression des donn\u00e9es qui les concernent. Elles ont le droit de s&#8217;opposer aux traitements r\u00e9alis\u00e9s ou d&#8217;en demander la limitation.<br \/>\nLes personnes concern\u00e9es par des traitements de donn\u00e9es personnelles peuvent \u00e9mettre des directives sur la conversation, la suppression ou la communication de leurs donn\u00e9es personnelles apr\u00e8s leurs d\u00e9c\u00e8s.<\/p>\n<p><strong>Exercice des droits<br \/>\n<\/strong>Les personnes concern\u00e9es par des traitements de donn\u00e9es personnelles peuvent exercer leurs droits \u00e0 tout moment, ainsi que contacter Ie D\u00e9l\u00e9gu\u00e9 \u00e0 la Protection des Donn\u00e9es en \u00e9crivant \u00e0 Gazflash (M. Didier Tieufri) 7 rue Sainte Isaure\u00a0&#8211; 75018 Paris.<br \/>\nToute demande d&#8217;exercice de droits doit \u00eatre accompagn\u00e9e de la photocopie d&#8217;un justificatif d&#8217;identit\u00e9 (carte nationale d&#8217;identit\u00e9 d\u00e9livr\u00e9e par l&#8217;\u00c9tat fran\u00e7ais ou carte d&#8217;identit\u00e9 de l&#8217;Union Europ\u00e9enne ou passeport, carte de r\u00e9sident d\u00e9livr\u00e9e par l&#8217;\u00c9tat fran\u00e7ais, carte de s\u00e9jour d\u00e9livr\u00e9e par l&#8217;\u00c9tat fran\u00e7ais ou livret de circulation d\u00e9livr\u00e9 par l&#8217;\u00c9tat fran\u00e7ais).<br \/>\nUne r\u00e9ponse sera adress\u00e9e dans un d\u00e9lai d&#8217;un mois \u00e0 compter de la r\u00e9ception de la demande.<br \/>\nSi les \u00e9changes avec Gazflash n&#8217;ont pas \u00e9t\u00e9 satisfaisants, la personne concern\u00e9e \u00e0 Ia possibilit\u00e9 d&#8217;introduire une r\u00e9clamation aupr\u00e8s de la Commission Nationale de l&#8217;informatique et des Libert\u00e9s (CNIL), autorit\u00e9 de contr\u00f4le en charge du respect des obligations en mati\u00e8re de donn\u00e9es \u00e0 caract\u00e8re personnel France.<\/p>\n<p><strong>Comment les donn\u00e9es sont-elles s\u00e9curis\u00e9es ?<br \/>\n<\/strong>Gazflash s&#8217;assure que les donn\u00e9es sont trait\u00e9es en toutes s\u00e9curit\u00e9 et confidentialit\u00e9. \u00c0 cet effet les mesures techniques et organisationnelles appropri\u00e9es pour \u00e9viter la perte, la mauvaise utilisation, l\u2019alt\u00e9ration et Ia suppression des donn\u00e9es personnelles vous concernant sont mises en place.<br \/>\nCes mesures sont adapt\u00e9es selon le niveau de sensibilit\u00e9 des donn\u00e9es trait\u00e9es et selon le niveau de risque que pr\u00e9sente le traitement ou sa mise en \u0153uvre.<\/p>\n<p><strong>Modification de la Politique de protection des donn\u00e9es<br \/>\n<\/strong>La pr\u00e9sente Politique de protection des donn\u00e9es personnelles peut \u00eatre amen\u00e9e \u00e0 \u00e9voluer.<\/p>\n<\/div><\/section><\/p><\/div>\n","protected":false},"excerpt":{"rendered":"","protected":false},"author":1,"featured_media":0,"parent":0,"menu_order":0,"comment_status":"closed","ping_status":"closed","template":"","meta":{"footnotes":""},"class_list":["post-532","page","type-page","status-publish","hentry"],"_links":{"self":[{"href":"https:\/\/gazflash.fr\/index.php\/wp-json\/wp\/v2\/pages\/532","targetHints":{"allow":["GET"]}}],"collection":[{"href":"https:\/\/gazflash.fr\/index.php\/wp-json\/wp\/v2\/pages"}],"about":[{"href":"https:\/\/gazflash.fr\/index.php\/wp-json\/wp\/v2\/types\/page"}],"author":[{"embeddable":true,"href":"https:\/\/gazflash.fr\/index.php\/wp-json\/wp\/v2\/users\/1"}],"replies":[{"embeddable":true,"href":"https:\/\/gazflash.fr\/index.php\/wp-json\/wp\/v2\/comments?post=532"}],"version-history":[{"count":6,"href":"https:\/\/gazflash.fr\/index.php\/wp-json\/wp\/v2\/pages\/532\/revisions"}],"predecessor-version":[{"id":539,"href":"https:\/\/gazflash.fr\/index.php\/wp-json\/wp\/v2\/pages\/532\/revisions\/539"}],"wp:attachment":[{"href":"https:\/\/gazflash.fr\/index.php\/wp-json\/wp\/v2\/media?parent=532"}],"curies":[{"name":"wp","href":"https:\/\/api.w.org\/{rel}","templated":true}]}}