{"id":593,"date":"2026-03-19T15:13:04","date_gmt":"2026-03-19T14:13:04","guid":{"rendered":"https:\/\/gazflash.fr\/?page_id=593"},"modified":"2026-03-19T15:29:05","modified_gmt":"2026-03-19T14:29:05","slug":"nostarifs","status":"publish","type":"page","link":"https:\/\/gazflash.fr\/index.php\/service\/nostarifs\/","title":{"rendered":"Nos Tarifs"},"content":{"rendered":"\n<style type=\"text\/css\" data-created_by=\"avia_inline_auto\" id=\"style-css-av-1muj2y-410097e4eb1114d4f148eb9b0c1df016\">\n#top .flex_column.av-1muj2y-410097e4eb1114d4f148eb9b0c1df016{\nmargin-top:0px;\nmargin-bottom:-50px;\n}\n.flex_column.av-1muj2y-410097e4eb1114d4f148eb9b0c1df016{\nborder-radius:0px 0px 0px 0px;\npadding:0px 0px 0px 0px;\n}\n.responsive #top #wrap_all .flex_column.av-1muj2y-410097e4eb1114d4f148eb9b0c1df016{\nmargin-top:0px;\nmargin-bottom:-50px;\n}\n<\/style>\n<div  class='flex_column av-1muj2y-410097e4eb1114d4f148eb9b0c1df016 av_one_full  avia-builder-el-0  el_before_av_two_third  avia-builder-el-first  first flex_column_div av-animated-generic bottom-to-top av-zero-column-padding  '     ><p>\n<style type=\"text\/css\" data-created_by=\"avia_inline_auto\" id=\"style-css-av-1g3r42-d1b27ecf2e82fdab4a9ee6d65043e6eb\">\n#top .av-special-heading.av-1g3r42-d1b27ecf2e82fdab4a9ee6d65043e6eb{\npadding-bottom:0;\n}\nbody .av-special-heading.av-1g3r42-d1b27ecf2e82fdab4a9ee6d65043e6eb .av-special-heading-tag .heading-char{\nfont-size:25px;\n}\n.av-special-heading.av-1g3r42-d1b27ecf2e82fdab4a9ee6d65043e6eb .av-subheading{\nfont-size:15px;\n}\n<\/style>\n<div  class='av-special-heading av-1g3r42-d1b27ecf2e82fdab4a9ee6d65043e6eb av-special-heading-h2 blockquote modern-quote  avia-builder-el-1  el_before_av_hr  avia-builder-el-first '><h2 class='av-special-heading-tag '  itemprop=\"headline\"  >Nos tarifs<\/h2><div class=\"special-heading-border\"><div class=\"special-heading-inner-border\"><\/div><\/div><\/div><br \/>\n\n<style type=\"text\/css\" data-created_by=\"avia_inline_auto\" id=\"style-css-av-1b0d9e-9f2283da71d43b3458c5b3bba249c96d\">\n#top .hr.av-1b0d9e-9f2283da71d43b3458c5b3bba249c96d{\nmargin-top:10px;\nmargin-bottom:10px;\n}\n.hr.av-1b0d9e-9f2283da71d43b3458c5b3bba249c96d .hr-inner{\nwidth:50px;\nborder-color:#efbb20;\n}\n<\/style>\n<div  class='hr av-1b0d9e-9f2283da71d43b3458c5b3bba249c96d hr-custom  avia-builder-el-2  el_after_av_heading  avia-builder-el-last  hr-left hr-icon-no'><span class='hr-inner inner-border-av-border-fat'><span class=\"hr-inner-style\"><\/span><\/span><\/div><\/p><\/div>\n\n<style type=\"text\/css\" data-created_by=\"avia_inline_auto\" id=\"style-css-av-140nj6-842fa0c7c1b3a733cf23c0603b94fe20\">\n.flex_column.av-140nj6-842fa0c7c1b3a733cf23c0603b94fe20{\nborder-radius:0px 0px 0px 0px;\npadding:0px 0px 0px 0px;\n}\n<\/style>\n<div  class='flex_column av-140nj6-842fa0c7c1b3a733cf23c0603b94fe20 av_two_third  avia-builder-el-3  el_after_av_one_full  el_before_av_one_third  first flex_column_div av-animated-generic bottom-to-top av-zero-column-padding  column-top-margin'     ><section  class='av_textblock_section av-xh0ia-67f88c217ee7d797497b757302c8f79d '   itemscope=\"itemscope\" itemtype=\"https:\/\/schema.org\/CreativeWork\" ><div class='avia_textblock'  itemprop=\"text\" ><h2><strong>CHAUDIERES<\/strong><\/h2>\n<p><strong>CONTRAT D&#8217;ENTRETIEN ANNUEL :<br \/>\n<\/strong>Entretien annuel + attestation<br \/>\nTous d\u00e9pannages inclus (main-d\u2019\u0153uvre &#038; d\u00e9placement, hors pi\u00e8ces)<br \/>\nIntervention prioritaire en cas de panne<\/p>\n<ul>\n<li>150,00 \u20ac T.T.C. <em>Paris 18e\u00a0<\/em><\/li>\n<li>170,00 \u20ac T.T.C. <em>Paris autres arrondissements, banlieue petite couronne<\/em><\/li>\n<\/ul>\n<p><strong>FORFAIT REVISION (SANS ENGAGEMENT) :<br \/>\n<\/strong>Entretien annuel + attestation<\/p>\n<ul>\n<li>130,00 \u20ac T.T.C. <em>Paris 18e\u00a0<\/em><\/li>\n<li>150,00 \u20ac T.T.C. <em>Paris autres arrondissements, banlieue petite couronne<\/em><\/li>\n<\/ul>\n<\/div><\/section><br \/>\n\n<style type=\"text\/css\" data-created_by=\"avia_inline_auto\" id=\"style-css-av-ecr2x-7e1ecd5cdf31cf98997cc37b76cf7f28\">\n#top .hr.av-ecr2x-7e1ecd5cdf31cf98997cc37b76cf7f28{\nmargin-top:10px;\nmargin-bottom:10px;\n}\n.hr.av-ecr2x-7e1ecd5cdf31cf98997cc37b76cf7f28 .hr-inner{\nwidth:50px;\nborder-color:#efbb20;\n}\n<\/style>\n<div  class='hr av-ecr2x-7e1ecd5cdf31cf98997cc37b76cf7f28 hr-custom  avia-builder-el-5  el_after_av_textblock  el_before_av_textblock  hr-left hr-icon-no'><span class='hr-inner inner-border-av-border-fat'><span class=\"hr-inner-style\"><\/span><\/span><\/div><br \/>\n<section  class='av_textblock_section av-78d55-ca0159e04a59747166fd523972ce1542 '   itemscope=\"itemscope\" itemtype=\"https:\/\/schema.org\/CreativeWork\" ><div class='avia_textblock'  itemprop=\"text\" ><h2><strong>CHAUDIERES CONDENSATIONS<\/strong><\/h2>\n<p><strong>CONTRAT D&#8217;ENTRETIEN ANNUEL :<br \/>\n<\/strong>Entretien annuel + attestation<br \/>\nTous d\u00e9pannages inclus (main-d\u2019\u0153uvre &#038; d\u00e9placement, hors pi\u00e8ces)<br \/>\nIntervention prioritaire en cas de panne<\/p>\n<ul>\n<li>170,00 \u20ac T.T.C. <em>Paris 18e\u00a0<\/em><\/li>\n<li>180,00 \u20ac T.T.C. <em>Paris autres arrondissements, banlieue petite couronne<\/em><\/li>\n<\/ul>\n<p><strong>FORFAIT REVISION (SANS ENGAGEMENT) :<br \/>\n<\/strong>Entretien annuel + attestation<\/p>\n<ul>\n<li>150,00 \u20ac T.T.C. <em>Paris 18e\u00a0<\/em><\/li>\n<li>160,00 \u20ac T.T.C. <em>Paris autres arrondissements, banlieue petite couronne<\/em><\/li>\n<\/ul>\n<\/div><\/section><br \/>\n\n<style type=\"text\/css\" data-created_by=\"avia_inline_auto\" id=\"style-css-av-1jv9d-42182a769aea4ac0a85a426991352167\">\n#top .hr.av-1jv9d-42182a769aea4ac0a85a426991352167{\nmargin-top:10px;\nmargin-bottom:10px;\n}\n.hr.av-1jv9d-42182a769aea4ac0a85a426991352167 .hr-inner{\nwidth:50px;\nborder-color:#efbb20;\n}\n<\/style>\n<div  class='hr av-1jv9d-42182a769aea4ac0a85a426991352167 hr-custom  avia-builder-el-7  el_after_av_textblock  el_before_av_textblock  hr-left hr-icon-no'><span class='hr-inner inner-border-av-border-fat'><span class=\"hr-inner-style\"><\/span><\/span><\/div><br \/>\n<section  class='av_textblock_section av-mmxkc3f1-c06fabc3f063f6f42da622bd02fd9a08 '   itemscope=\"itemscope\" itemtype=\"https:\/\/schema.org\/CreativeWork\" ><div class='avia_textblock'  itemprop=\"text\" ><h2><strong>RADIATEUR, CHAUFFE-BAIN, STYX, &#8230;<\/strong><\/h2>\n<p><strong>CONTRAT D&#8217;ENTRETIEN ANNUEL :<br \/>\n<\/strong>Entretien annuel + attestation<br \/>\nTous d\u00e9pannages inclus (main-d\u2019\u0153uvre &#038; d\u00e9placement, hors pi\u00e8ces)<br \/>\nIntervention prioritaire en cas de panne<\/p>\n<ul>\n<li>130,00 \u20ac T.T.C. <em>Paris 18e\u00a0<\/em><\/li>\n<li>140,00 \u20ac T.T.C. <em>Paris autres arrondissements, banlieue petite couronne<\/em><\/li>\n<\/ul>\n<p><strong>FORFAIT REVISION (SANS ENGAGEMENT) :<br \/>\n<\/strong>Entretien annuel + attestation<\/p>\n<ul>\n<li>120,00 \u20ac T.T.C. <em>Paris 18e\u00a0<\/em><\/li>\n<li>130,00 \u20ac T.T.C. <em>Paris autres arrondissements, banlieue petite couronne<\/em><\/li>\n<\/ul>\n<\/div><\/section><br \/>\n\n<style type=\"text\/css\" data-created_by=\"avia_inline_auto\" id=\"style-css-av-88svd-40c653b765af983d9dc17202bde6bc31\">\n#top .hr.av-88svd-40c653b765af983d9dc17202bde6bc31{\nmargin-top:10px;\nmargin-bottom:10px;\n}\n.hr.av-88svd-40c653b765af983d9dc17202bde6bc31 .hr-inner{\nwidth:50px;\nborder-color:#efbb20;\n}\n<\/style>\n<div  class='hr av-88svd-40c653b765af983d9dc17202bde6bc31 hr-custom  avia-builder-el-9  el_after_av_textblock  el_before_av_textblock  hr-left hr-icon-no'><span class='hr-inner inner-border-av-border-fat'><span class=\"hr-inner-style\"><\/span><\/span><\/div><br \/>\n<section  class='av_textblock_section av-mmxkdeqz-31d2e04f153b51adad4bf236a9a97c9e '   itemscope=\"itemscope\" itemtype=\"https:\/\/schema.org\/CreativeWork\" ><div class='avia_textblock'  itemprop=\"text\" ><h2><strong>RAMONAGE CONDUIT DE FUMEE GAZ<\/strong><\/h2>\n<p><strong>R\u00e9alis\u00e9 uniquement en m\u00eame temps que l\u2019entretien de la chaudi\u00e8re<\/strong><br \/>\n<strong>Obligatoire 1 fois\/an pour les chaudi\u00e8res \u00e0 tirage naturel<\/strong><\/p>\n<ul>\n<li>50,00 \u20ac T.T.C.<\/li>\n<\/ul>\n<\/div><\/section><\/p><\/div>\n\n<style type=\"text\/css\" data-created_by=\"avia_inline_auto\" id=\"style-css-av-r7nuq-9ca81685b7dabaa76e906402b0161843\">\n.flex_column.av-r7nuq-9ca81685b7dabaa76e906402b0161843{\nborder-radius:0px 0px 0px 0px;\npadding:0px 0px 0px 0px;\n}\n<\/style>\n<div  class='flex_column av-r7nuq-9ca81685b7dabaa76e906402b0161843 av_one_third  avia-builder-el-11  el_after_av_two_third  el_before_av_one_full  flex_column_div av-animated-generic bottom-to-top av-zero-column-padding  column-top-margin'     ><style type=\"text\/css\" data-created_by=\"avia_inline_auto\" id=\"style-css-av-lyc9m-ff3bebe4b60df4dd1cafd2b3e91c3e4d\">\n.avia-image-container.av-lyc9m-ff3bebe4b60df4dd1cafd2b3e91c3e4d img.avia_image{\nbox-shadow:none;\n}\n.avia-image-container.av-lyc9m-ff3bebe4b60df4dd1cafd2b3e91c3e4d .av-image-caption-overlay-center{\ncolor:#ffffff;\n}\n<\/style>\n<div  class='avia-image-container av-lyc9m-ff3bebe4b60df4dd1cafd2b3e91c3e4d av-styling-no-styling avia-align-center  avia-builder-el-12  avia-builder-el-no-sibling '   itemprop=\"image\" itemscope=\"itemscope\" itemtype=\"https:\/\/schema.org\/ImageObject\" ><div class=\"avia-image-container-inner\"><div class=\"avia-image-overlay-wrap\"><img decoding=\"async\" fetchpriority=\"high\" class='wp-image-493 avia-img-lazy-loading-not-493 avia_image ' src=\"https:\/\/gazflash.fr\/wp-content\/uploads\/2015\/10\/Fotolia_70049342_M_4-433x1030.jpg\" alt='' title='Fotolia_70049342_M_4'  height=\"1030\" width=\"433\"  itemprop=\"thumbnailUrl\" srcset=\"https:\/\/gazflash.fr\/wp-content\/uploads\/2015\/10\/Fotolia_70049342_M_4-433x1030.jpg 433w, https:\/\/gazflash.fr\/wp-content\/uploads\/2015\/10\/Fotolia_70049342_M_4-126x300.jpg 126w, https:\/\/gazflash.fr\/wp-content\/uploads\/2015\/10\/Fotolia_70049342_M_4.jpg 630w, https:\/\/gazflash.fr\/wp-content\/uploads\/2015\/10\/Fotolia_70049342_M_4-296x705.jpg 296w, https:\/\/gazflash.fr\/wp-content\/uploads\/2015\/10\/Fotolia_70049342_M_4-420x999.jpg 420w\" sizes=\"(max-width: 433px) 100vw, 433px\" \/><\/div><\/div><\/div><\/div>\n\n<style type=\"text\/css\" data-created_by=\"avia_inline_auto\" id=\"style-css-av-dgm3e-0c20d33bb8143ec60073cf76a4b8986b\">\n.flex_column.av-dgm3e-0c20d33bb8143ec60073cf76a4b8986b{\nborder-width:1px;\nborder-color:#e1e1e1;\nborder-style:solid;\nborder-radius:0px 0px 0px 0px;\npadding:20px 20px 20px 20px;\nbackground-color:#fcfcfc;\n}\n<\/style>\n<div  class='flex_column av-dgm3e-0c20d33bb8143ec60073cf76a4b8986b av_one_full  avia-builder-el-13  el_after_av_one_third  el_before_av_slideshow  first flex_column_div av-animated-generic bottom-to-top  column-top-margin'     ><section  class='av_textblock_section av-8eije-657fcfd9da849958d092e758637a6d2a '   itemscope=\"itemscope\" itemtype=\"https:\/\/schema.org\/CreativeWork\" ><div class='avia_textblock'  itemprop=\"text\" ><p>Vous conformer \u00e0 ces r\u00e8gles vous permettra de chauffer votre logement en toute s\u00e9curit\u00e9. Si jamais un accident arrive \u00e0 votre domicile, avoir confi\u00e9 le ramonage \u00e0 un professionnel vous permettra de faire valoir votre assurance.\u00a0Dans le cas contraire, notez que votre compagnie d\u2019assurance est en droit de vous refuser toute indemnisation. Par ailleurs, votre responsabilit\u00e9 peut \u00eatre engag\u00e9e en cas de dommages caus\u00e9s \u00e0 un tiers.<\/p>\n<\/div><\/section><\/div>\n<div  class='avia-slideshow av-24otrm-1837491accecbd4f4ac8254401f9e33f avia-slideshow-featured_large av_slideshow avia-fade-slider  avia-builder-el-15  el_after_av_one_full  avia-builder-el-last  av-slideshow-ui av-control-hidden av-no-slider-navigation av-hide-nav-arrows av-slideshow-autoplay av-loop-endless av-loop-manual-endless av-default-height-applied avia-slideshow-1' data-slideshow-options=\"{&quot;animation&quot;:&quot;fade&quot;,&quot;autoplay&quot;:true,&quot;loop_autoplay&quot;:&quot;endless&quot;,&quot;interval&quot;:5,&quot;loop_manual&quot;:&quot;manual-endless&quot;,&quot;autoplay_stopper&quot;:false,&quot;noNavigation&quot;:true,&quot;bg_slider&quot;:false,&quot;keep_padding&quot;:false,&quot;hoverpause&quot;:false,&quot;show_slide_delay&quot;:0}\"  itemprop=\"image\" itemscope=\"itemscope\" itemtype=\"https:\/\/schema.org\/ImageObject\" ><ul class='avia-slideshow-inner ' style='padding-bottom: 42%;'><li  class='avia-slideshow-slide av-24otrm-1837491accecbd4f4ac8254401f9e33f__0  slide-1 slide-odd'><div data-rel='slideshow-1' class='avia-slide-wrap '   ><img decoding=\"async\" fetchpriority=\"high\" class=\"wp-image-469 avia-img-lazy-loading-not-469\"  src=\"https:\/\/gazflash.fr\/wp-content\/uploads\/2015\/10\/Fotolia_81678444_M_une.jpg\" width=\"1500\" height=\"630\" title='Fotolia_81678444_M_une' alt=''  itemprop=\"thumbnailUrl\" srcset=\"https:\/\/gazflash.fr\/wp-content\/uploads\/2015\/10\/Fotolia_81678444_M_une.jpg 1500w, https:\/\/gazflash.fr\/wp-content\/uploads\/2015\/10\/Fotolia_81678444_M_une-300x126.jpg 300w, https:\/\/gazflash.fr\/wp-content\/uploads\/2015\/10\/Fotolia_81678444_M_une-768x323.jpg 768w, https:\/\/gazflash.fr\/wp-content\/uploads\/2015\/10\/Fotolia_81678444_M_une-1030x433.jpg 1030w, https:\/\/gazflash.fr\/wp-content\/uploads\/2015\/10\/Fotolia_81678444_M_une-705x296.jpg 705w, https:\/\/gazflash.fr\/wp-content\/uploads\/2015\/10\/Fotolia_81678444_M_une-450x189.jpg 450w\" sizes=\"(max-width: 1500px) 100vw, 1500px\" \/><\/div><\/li><li  class='avia-slideshow-slide av-24otrm-1837491accecbd4f4ac8254401f9e33f__1  slide-2 slide-even'><div data-rel='slideshow-1' class='avia-slide-wrap '   ><img decoding=\"async\" fetchpriority=\"high\" class=\"wp-image-492 avia-img-lazy-loading-not-492\"  src=\"https:\/\/gazflash.fr\/wp-content\/uploads\/2015\/10\/Fotolia_66419500_M_3.jpg\" width=\"1500\" height=\"630\" title='Fotolia_66419500_M_3' alt=''  itemprop=\"thumbnailUrl\" srcset=\"https:\/\/gazflash.fr\/wp-content\/uploads\/2015\/10\/Fotolia_66419500_M_3.jpg 1500w, https:\/\/gazflash.fr\/wp-content\/uploads\/2015\/10\/Fotolia_66419500_M_3-300x126.jpg 300w, https:\/\/gazflash.fr\/wp-content\/uploads\/2015\/10\/Fotolia_66419500_M_3-768x323.jpg 768w, https:\/\/gazflash.fr\/wp-content\/uploads\/2015\/10\/Fotolia_66419500_M_3-1030x433.jpg 1030w, https:\/\/gazflash.fr\/wp-content\/uploads\/2015\/10\/Fotolia_66419500_M_3-705x296.jpg 705w, https:\/\/gazflash.fr\/wp-content\/uploads\/2015\/10\/Fotolia_66419500_M_3-450x189.jpg 450w\" sizes=\"(max-width: 1500px) 100vw, 1500px\" \/><\/div><\/li><\/ul><div class='avia-slideshow-arrows avia-slideshow-controls' ><a href='#prev' class='prev-slide  avia-svg-icon avia-font-svg_entypo-fontello' data-av_svg_icon='left-open-big' data-av_iconset='svg_entypo-fontello' tabindex='-1' title=\"Previous\"><svg version=\"1.1\" xmlns=\"http:\/\/www.w3.org\/2000\/svg\" width=\"15\" height=\"32\" viewBox=\"0 0 15 32\" preserveAspectRatio=\"xMidYMid meet\" aria-labelledby='av-svg-title-1' aria-describedby='av-svg-desc-1' role=\"graphics-symbol\" aria-hidden=\"true\">\n<title id='av-svg-title-1'>Previous<\/title>\n<desc id='av-svg-desc-1'>Previous<\/desc>\n<path d=\"M14.464 27.84q0.832 0.832 0 1.536-0.832 0.832-1.536 0l-12.544-12.608q-0.768-0.768 0-1.6l12.544-12.608q0.704-0.832 1.536 0 0.832 0.704 0 1.536l-11.456 11.904z\"><\/path>\n<\/svg><span class='avia_hidden_link_text'>Previous<\/span><\/a><a href='#next' class='next-slide  avia-svg-icon avia-font-svg_entypo-fontello' data-av_svg_icon='right-open-big' data-av_iconset='svg_entypo-fontello' tabindex='-1' title=\"Next\"><svg version=\"1.1\" xmlns=\"http:\/\/www.w3.org\/2000\/svg\" width=\"15\" height=\"32\" viewBox=\"0 0 15 32\" preserveAspectRatio=\"xMidYMid meet\" aria-labelledby='av-svg-title-2' aria-describedby='av-svg-desc-2' role=\"graphics-symbol\" aria-hidden=\"true\">\n<title id='av-svg-title-2'>Next<\/title>\n<desc id='av-svg-desc-2'>Next<\/desc>\n<path d=\"M0.416 27.84l11.456-11.84-11.456-11.904q-0.832-0.832 0-1.536 0.832-0.832 1.536 0l12.544 12.608q0.768 0.832 0 1.6l-12.544 12.608q-0.704 0.832-1.536 0-0.832-0.704 0-1.536z\"><\/path>\n<\/svg><span class='avia_hidden_link_text'>Next<\/span><\/a><\/div><\/div>\n","protected":false},"excerpt":{"rendered":"","protected":false},"author":1,"featured_media":0,"parent":25,"menu_order":0,"comment_status":"closed","ping_status":"closed","template":"","meta":{"footnotes":""},"class_list":["post-593","page","type-page","status-publish","hentry"],"_links":{"self":[{"href":"https:\/\/gazflash.fr\/index.php\/wp-json\/wp\/v2\/pages\/593","targetHints":{"allow":["GET"]}}],"collection":[{"href":"https:\/\/gazflash.fr\/index.php\/wp-json\/wp\/v2\/pages"}],"about":[{"href":"https:\/\/gazflash.fr\/index.php\/wp-json\/wp\/v2\/types\/page"}],"author":[{"embeddable":true,"href":"https:\/\/gazflash.fr\/index.php\/wp-json\/wp\/v2\/users\/1"}],"replies":[{"embeddable":true,"href":"https:\/\/gazflash.fr\/index.php\/wp-json\/wp\/v2\/comments?post=593"}],"version-history":[{"count":8,"href":"https:\/\/gazflash.fr\/index.php\/wp-json\/wp\/v2\/pages\/593\/revisions"}],"predecessor-version":[{"id":603,"href":"https:\/\/gazflash.fr\/index.php\/wp-json\/wp\/v2\/pages\/593\/revisions\/603"}],"up":[{"embeddable":true,"href":"https:\/\/gazflash.fr\/index.php\/wp-json\/wp\/v2\/pages\/25"}],"wp:attachment":[{"href":"https:\/\/gazflash.fr\/index.php\/wp-json\/wp\/v2\/media?parent=593"}],"curies":[{"name":"wp","href":"https:\/\/api.w.org\/{rel}","templated":true}]}}